{"id":4459,"date":"2020-06-22T14:55:06","date_gmt":"2020-06-22T12:55:06","guid":{"rendered":"https:\/\/www.saone-tourisme.fr\/ich-bereite-vor\/entre-amis\/"},"modified":"2025-02-27T08:35:36","modified_gmt":"2025-02-27T07:35:36","slug":"entre-amis","status":"publish","type":"page","link":"https:\/\/www.saone-tourisme.fr\/de\/ich-bereite-vor\/entre-amis\/","title":{"rendered":"Entre amis"},"content":{"rendered":"<div class=\"wpb-content-wrapper\"><p>[vc_row el_class=&#8220;chapeau&#8220; css=&#8220;.vc_custom_1592834166321{background-color: #0a9a9b !important;}&#8220;][vc_column][vc_column_text]<\/p>\n<h1 style=\"text-align: center;\">Voyager renforce l&#8217;amiti\u00e9<\/h1>\n<h2 class=\"chapeau\" style=\"text-align: center;\">Gr\u00e2ce \u00e0 sa situation g\u00e9ographique, Rives de Sa\u00f4ne, est la r\u00e9gion faite pour les retrouvailles entre amis ! Que vous r\u00eaviez de farniente, d&#8217;activit\u00e9s nautiques ou tout simplement d&#8217;un bon repas en bord de Sa\u00f4ne, nous r\u00e9pondons \u00e0 toutes vos envies \u263a<\/h2>\n<p>[\/vc_column_text][\/vc_column][\/vc_row][vc_row el_class=&#8220;landingitem&#8220;][vc_column width=&#8220;2\/5&#8243;][vc_column_text]<\/p>\n<h3>\u00c0 LA UNE<\/h3>\n<h4>Partez de bon matin<\/h4>\n<p><em>Location de v\u00e9lo \u00e0 Saint-Jean-de-Losne\u00a0<\/em><\/p>\n<p>Rives de Sa\u00f4ne est travers\u00e9 par la voie bleue et des itin\u00e9raires s\u00e9curis\u00e9s, le tout sans d\u00e9nivel\u00e9 ! Suivez les chemins de halage et vous ne verrez m\u00eame pas les kilom\u00e8tres filer \u263a. Pour pimenter un peu votre balade, n&#8217;h\u00e9sitez pas \u00e0 vous lancer \u00e0 la recherche des caches de G\u00e9ocaching.<\/p>\n<p>&gt; Office de tourisme Rives de Sa\u00f4ne \u00e0 Saint-Jean-de-Losne &#8211; T\u00e9l. 03.80.37.15.70[\/vc_column_text][vc_btn title=&#8220;T\u00e9l\u00e9chargez les itin\u00e9raires&#8220; style=&#8220;flat&#8220; shape=&#8220;round&#8220; color=&#8220;turquoiserives&#8220; align=&#8220;center&#8220; link=&#8220;url:http%3A%2F%2Fsaone-tourisme.fr%2Fje-prepare%2Fa-velo%2F|title:Voie%20Bleue%20%E2%80%93%20EuroV%C3%A9lo%206||&#8220;][\/vc_column][vc_column width=&#8220;3\/5&#8243;][vc_single_image image=&#8220;248&#8243; img_size=&#8220;800&#215;200&#8243;][vc_row_inner][vc_column_inner width=&#8220;1\/2&#8243;][vc_single_image image=&#8220;247&#8243; img_size=&#8220;400&#215;250&#8243; alignment=&#8220;center&#8220; onclick=&#8220;link_image&#8220;][\/vc_column_inner][vc_column_inner width=&#8220;1\/2&#8243;][vc_single_image image=&#8220;249&#8243; img_size=&#8220;400&#215;250&#8243;][\/vc_column_inner][\/vc_row_inner][\/vc_column][\/vc_row][vc_row][vc_column][vc_zigzag color=&#8220;turquoise&#8220;][\/vc_column][\/vc_row][vc_row el_class=&#8220;landingitem&#8220;][vc_column width=&#8220;3\/5&#8243;][vc_single_image image=&#8220;241&#8243; img_size=&#8220;800&#215;200&#8243;][vc_row_inner][vc_column_inner width=&#8220;1\/2&#8243;][vc_single_image image=&#8220;242&#8243; img_size=&#8220;400&#215;250&#8243; alignment=&#8220;center&#8220; onclick=&#8220;link_image&#8220;][\/vc_column_inner][vc_column_inner width=&#8220;1\/2&#8243;][vc_single_image image=&#8220;243&#8243; img_size=&#8220;400&#215;250&#8243;][\/vc_column_inner][\/vc_row_inner][\/vc_column][vc_column width=&#8220;2\/5&#8243;][vc_empty_space][vc_column_text]<\/p>\n<h4>Voguez sur la Sa\u00f4ne<\/h4>\n<p><em>Bateau promenade \u00e0 Saint-Jean-de-Losne\u00a0<\/em><\/p>\n<p>Votre c\u0153ur balance entre d\u00e9jeuner ou une balade fluviale ? Le vagabondo r\u00e9pond aux deux. Le bateau \u00e0 passagers se transforme en restaurant le temps d&#8217;une croisi\u00e8re-repas pour une balade de 2 \u00e0 7h. D\u00e9guster des mets cuisin\u00e9s par un traiteur tout en d\u00e9couvrant la faune et la flore de la Sa\u00f4ne et des paysages de Rives de Sa\u00f4ne.<\/p>\n<p>&gt; Bateau Vagabondo &#8211; T\u00e9l. 07.69.76.26.97 &#8211; <a href=\"https:\/\/bateau-promenades-vagabondo.business.site\/\" target=\"_blank\" rel=\"noopener\">bateau-promenades-vagabondo.business.site<\/a>[\/vc_column_text][\/vc_column][\/vc_row][vc_row][vc_column][vc_zigzag color=&#8220;turquoise&#8220;][\/vc_column][\/vc_row][vc_row el_class=&#8220;landingitem&#8220;][vc_column width=&#8220;2\/5&#8243;][vc_empty_space][vc_column_text]<\/p>\n<h4>Go\u00fbtez \u00e0 la libert\u00e9<\/h4>\n<p><em>Location de p\u00e9nichette sans permis\u00a0<\/em><\/p>\n<p>Si vous recherchez des vacances 100% ressour\u00e7antes, louez un bateau sans permis et partez sur la Sa\u00f4ne en savourant votre immersion au c\u0153ur de la nature. Laissez le fil de l&#8217;eau d\u00e9cider de votre programme journalier.[\/vc_column_text][vc_btn title=&#8220;D\u00e9couvrez les locations de bateaux&#8220; style=&#8220;flat&#8220; shape=&#8220;round&#8220; color=&#8220;turquoiserives&#8220; align=&#8220;center&#8220; link=&#8220;url:https%3A%2F%2Fwww.saone-tourisme.fr%2Fje-suis-sur-place%2Factivites-nautiques%2Flocation-de-bateaux%2F|title:En%20bateau&#8220;][\/vc_column][vc_column width=&#8220;3\/5&#8243;][vc_single_image image=&#8220;729&#8243; img_size=&#8220;800&#215;200&#8243;][vc_row_inner][vc_column_inner width=&#8220;1\/2&#8243;][vc_single_image image=&#8220;230&#8243; img_size=&#8220;400&#215;250&#8243; alignment=&#8220;center&#8220; onclick=&#8220;link_image&#8220;][\/vc_column_inner][vc_column_inner width=&#8220;1\/2&#8243;][vc_single_image image=&#8220;232&#8243; img_size=&#8220;400&#215;250&#8243;][\/vc_column_inner][\/vc_row_inner][\/vc_column][\/vc_row][vc_row][vc_column][vc_zigzag color=&#8220;turquoise&#8220;][\/vc_column][\/vc_row][vc_row el_class=&#8220;landingitem&#8220;][vc_column width=&#8220;3\/5&#8243;][vc_row_inner][vc_column_inner width=&#8220;1\/2&#8243;][vc_single_image image=&#8220;1547&#8243; img_size=&#8220;400&#215;250&#8243; alignment=&#8220;center&#8220; onclick=&#8220;link_image&#8220;][\/vc_column_inner][vc_column_inner width=&#8220;1\/2&#8243;][vc_single_image image=&#8220;1544&#8243; img_size=&#8220;400&#215;250&#8243;][\/vc_column_inner][\/vc_row_inner][\/vc_column][vc_column width=&#8220;2\/5&#8243;][vc_empty_space][vc_column_text]<\/p>\n<h4>Touchez les nuages<\/h4>\n<p><em>Initiation ULM \u00e0 Losne<\/em><\/p>\n<p>Embarquez pour une initiation \u00e0 couper le souffle et emmagasinez le plus de souvenirs pour cet hiver. Survolez les campagnes, suivez les cours d&#8217;eau pendant une vingtaine de minutes.<\/p>\n<p>&gt; ULM du Val de Sa\u00f4ne \u00e0 Franxault 06.51.36.34.70 &#8211; <a href=\"https:\/\/www.facebook.com\/ULMValdeSaone\/\" target=\"_blank\" rel=\"noopener\">Facebook<\/a>[\/vc_column_text][\/vc_column][\/vc_row]<\/p>\n<\/div>","protected":false},"excerpt":{"rendered":"<p>[vc_row el_class=&#8220;chapeau&#8220; css=&#8220;.vc_custom_1592834166321{background-color: #0a9a9b !important;}&#8220;][vc_column][vc_column_text] Voyager renforce l&#8217;amiti\u00e9 Gr\u00e2ce \u00e0 sa situation g\u00e9ographique, Rives de Sa\u00f4ne, est la r\u00e9gion faite pour les retrouvailles entre amis ! Que vous r\u00eaviez de farniente, d&#8217;activit\u00e9s nautiques ou tout simplement d&#8217;un bon repas en bord de Sa\u00f4ne, nous r\u00e9pondons \u00e0 toutes vos envies \u263a [\/vc_column_text][\/vc_column][\/vc_row][vc_row el_class=&#8220;landingitem&#8220;][vc_column width=&#8220;2\/5&#8243;][vc_column_text] \u00c0 LA [&hellip;]<\/p>\n","protected":false},"author":2,"featured_media":4461,"parent":4398,"menu_order":120,"comment_status":"closed","ping_status":"closed","template":"","meta":{"_acf_changed":false,"footnotes":""},"class_list":["post-4459","page","type-page","status-publish","has-post-thumbnail","hentry"],"acf":[],"_links":{"self":[{"href":"https:\/\/www.saone-tourisme.fr\/de\/wp-json\/wp\/v2\/pages\/4459","targetHints":{"allow":["GET"]}}],"collection":[{"href":"https:\/\/www.saone-tourisme.fr\/de\/wp-json\/wp\/v2\/pages"}],"about":[{"href":"https:\/\/www.saone-tourisme.fr\/de\/wp-json\/wp\/v2\/types\/page"}],"author":[{"embeddable":true,"href":"https:\/\/www.saone-tourisme.fr\/de\/wp-json\/wp\/v2\/users\/2"}],"replies":[{"embeddable":true,"href":"https:\/\/www.saone-tourisme.fr\/de\/wp-json\/wp\/v2\/comments?post=4459"}],"version-history":[{"count":5,"href":"https:\/\/www.saone-tourisme.fr\/de\/wp-json\/wp\/v2\/pages\/4459\/revisions"}],"predecessor-version":[{"id":208498,"href":"https:\/\/www.saone-tourisme.fr\/de\/wp-json\/wp\/v2\/pages\/4459\/revisions\/208498"}],"up":[{"embeddable":true,"href":"https:\/\/www.saone-tourisme.fr\/de\/wp-json\/wp\/v2\/pages\/4398"}],"wp:featuredmedia":[{"embeddable":true,"href":"https:\/\/www.saone-tourisme.fr\/de\/wp-json\/wp\/v2\/media\/4461"}],"wp:attachment":[{"href":"https:\/\/www.saone-tourisme.fr\/de\/wp-json\/wp\/v2\/media?parent=4459"}],"curies":[{"name":"wp","href":"https:\/\/api.w.org\/{rel}","templated":true}]}}