{"id":15748,"date":"2020-07-06T15:16:58","date_gmt":"2020-07-06T13:16:58","guid":{"rendered":"https:\/\/www.saone-tourisme.fr\/im-here\/cultural-activities\/sites-and-museums\/musee-de-la-saone-et-des-gens-de-la-saone\/"},"modified":"2021-11-04T16:36:47","modified_gmt":"2021-11-04T15:36:47","slug":"musee-de-la-saone-et-des-gens-de-la-saone","status":"publish","type":"page","link":"https:\/\/www.saone-tourisme.fr\/en\/im-here\/cultural-activities\/sites-and-museums\/musee-de-la-saone-et-des-gens-de-la-saone\/","title":{"rendered":"Mus\u00e9e de la Sa\u00f4ne et des gens de la Sa\u00f4ne"},"content":{"rendered":"<div class=\"wpb-content-wrapper\"><p>[vc_row][vc_column width=&#8221;2\/3&#8243;][vc_images_carousel images=&#8221;620,622,613,618&#8243; img_size=&#8221;900&#215;575&#8243; onclick=&#8221;link_no&#8221; autoplay=&#8221;yes&#8221; hide_pagination_control=&#8221;yes&#8221; wrap=&#8221;yes&#8221;][vc_row_inner el_class=&#8221;stickyblocnav&#8221;][vc_column_inner width=&#8221;1\/4&#8243;][vc_column_text]<a href=\"#para1\">Description<\/a>[\/vc_column_text][\/vc_column_inner][vc_column_inner width=&#8221;1\/4&#8243;][vc_column_text]<a href=\"#para2\">Price &amp; payment<\/a>[\/vc_column_text][\/vc_column_inner][vc_column_inner width=&#8221;1\/4&#8243;][vc_column_text]<a href=\"#para3\">Services &amp; Facilities<\/a>[\/vc_column_text][\/vc_column_inner][vc_column_inner width=&#8221;1\/4&#8243;][vc_column_text]<a href=\"#para4\">Opening hours<\/a>[\/vc_column_text][\/vc_column_inner][\/vc_row_inner][vc_row_inner el_class=&#8221;description&#8221;][vc_column_inner][vc_column_text el_id=&#8221;para1&#8243;]<\/p>\n<h4><strong>Covid-19 measures<\/strong><\/h4>\n<p>The Mus\u00e9e de la Sa\u00f4ne et des Gens de la Sa\u00f4ne is closed to visitors for the year 2020.<\/p>\n<h4>Description<\/h4>\n<p>Discover the geology and archaeology of the Val de Sa\u00f4ne, river navigation, the origin of the prosthetics industry, all inside the former residence of the Bossuet family.<\/p>\n<p>This museum is in the attic space of the Maison Bossuet (16th century), and over three floors visitors can learn about the geology and archaeology of the Val de Sa\u00f4ne, river navigation and the different trades that led to the creation of the prosthetics industry in Seurre.<\/p>\n<p>&nbsp;<\/p>\n<p><strong>On the first floor,<\/strong> learn about the key periods of the evolution of man and meet Val de Sa\u00f4ne\u2019s oldest resident, the \u201cman of Glanon\u201d. You can also admire objects such as weapons made from bones, wood and stone, remains of the very first evidence of human labour.<\/p>\n<p>There is a room devoted to industrial archaeology with the Jacob-Delafon production, in Pouilly-sur-Sa\u00f4ne from 1880 to 1972, manufacturer of bathroom ceramics, stoneware for the chemicals industry and mustard and vinegar factories.<\/p>\n<p><strong>On the second floor<\/strong>, come and discover the measuring and tracing tools used in boat carpentry, finishing tools and other tools and objects used for navigation and for everyday life on the boat, not-to-mention boat models to a scale of 1\/10.<\/p>\n<p><strong>On the third floor<\/strong>, learn about the industry that is still booming in Seurre, thanks to the Prot\u00e9or establishments. Discover the clog maker, blacksmith, cobbler and saddler, shown here with their tools. Before leaving, take a look at the ancient clock mechanism from the church of Seurre, dating from 1859.<\/p>\n<p><strong>On the ground floor<\/strong> of Maison Bossuet, for the 2020 season there is a pop-up store showcasing the local expertise of Rives de Sa\u00f4ne. Masks are compulsory and hand sanitizer is available.[\/vc_column_text][vc_column_text el_id=&#8221;para2&#8243;]<\/p>\n<h4>Price &amp; payment<\/h4>\n<ul>\n<li>Free admission<\/li>\n<\/ul>\n<p>[\/vc_column_text][vc_column_text el_id=&#8221;para3&#8243;]<\/p>\n<h4>Services and Facilities<\/h4>\n<ul>\n<li>Car park<\/li>\n<li>Coach parking nearby<\/li>\n<li>Pop-up store<\/li>\n<\/ul>\n<p>[\/vc_column_text][vc_column_text el_id=&#8221;para4&#8243;]<\/p>\n<h4>Opening hours<\/h4>\n<p>The Mus\u00e9e de la Sa\u00f4ne et des Gens de la Sa\u00f4ne is closed to visitors.[\/vc_column_text][\/vc_column_inner][\/vc_row_inner][\/vc_column][vc_column width=&#8221;1\/3&#8243; el_class=&#8221;stickybloc coordonnees&#8221;][vc_column_text]<\/p>\n<h4>Mus\u00e9e de la Sa\u00f4ne et des gens de la Sa\u00f4ne<\/h4>\n<p>13 rue Bossuet<br \/>\n21250 Seurre[\/vc_column_text][vc_btn title=&#8221;send an email&#8221; style=&#8221;flat&#8221; shape=&#8221;round&#8221; color=&#8221;blancrives&#8221; align=&#8221;left&#8221; i_icon_fontawesome=&#8221;fas fa-envelope-open&#8221; add_icon=&#8221;true&#8221; link=&#8221;url:mailto%3Acontact%40saone-toursime.fr|||&#8221;][vc_btn title=&#8221;+33 (0)3.80.20.31.05&#8243; style=&#8221;flat&#8221; shape=&#8221;round&#8221; color=&#8221;blancrives&#8221; align=&#8221;left&#8221; i_icon_fontawesome=&#8221;fas fa-phone&#8221; add_icon=&#8221;true&#8221; link=&#8221;url:tel%3A0380203105&#8243;][vc_raw_html]JTNDZGl2JTIwaWQlM0QlMjJibG9jbWFwJTIyJTNFJTNDJTJGZGl2JTNF[\/vc_raw_html][\/vc_column][\/vc_row][vc_row][vc_column][vc_column_text]<\/p>\n<h4 style=\"text-align: center;\">Vous aimerez aussi<\/h4>\n<p>[\/vc_column_text][\/vc_column][\/vc_row]<\/p>\n<\/div>","protected":false},"excerpt":{"rendered":"<p>[vc_row][vc_column width=&#8221;2\/3&#8243;][vc_images_carousel images=&#8221;620,622,613,618&#8243; img_size=&#8221;900&#215;575&#8243; onclick=&#8221;link_no&#8221; autoplay=&#8221;yes&#8221; hide_pagination_control=&#8221;yes&#8221; wrap=&#8221;yes&#8221;][vc_row_inner el_class=&#8221;stickyblocnav&#8221;][vc_column_inner width=&#8221;1\/4&#8243;][vc_column_text]Description[\/vc_column_text][\/vc_column_inner][vc_column_inner width=&#8221;1\/4&#8243;][vc_column_text]Price &amp; payment[\/vc_column_text][\/vc_column_inner][vc_column_inner width=&#8221;1\/4&#8243;][vc_column_text]Services &amp; Facilities[\/vc_column_text][\/vc_column_inner][vc_column_inner width=&#8221;1\/4&#8243;][vc_column_text]Opening hours[\/vc_column_text][\/vc_column_inner][\/vc_row_inner][vc_row_inner el_class=&#8221;description&#8221;][vc_column_inner][vc_column_text el_id=&#8221;para1&#8243;] Covid-19 measures The Mus\u00e9e de la Sa\u00f4ne et des Gens de la Sa\u00f4ne is closed to visitors for the year 2020. Description Discover the geology and archaeology of the Val de Sa\u00f4ne, river navigation, the [&hellip;]<\/p>\n","protected":false},"author":2,"featured_media":553,"parent":15735,"menu_order":209,"comment_status":"closed","ping_status":"closed","template":"template_objet.php","meta":{"_acf_changed":false,"footnotes":""},"class_list":["post-15748","page","type-page","status-publish","has-post-thumbnail","hentry"],"acf":[],"_links":{"self":[{"href":"https:\/\/www.saone-tourisme.fr\/en\/wp-json\/wp\/v2\/pages\/15748","targetHints":{"allow":["GET"]}}],"collection":[{"href":"https:\/\/www.saone-tourisme.fr\/en\/wp-json\/wp\/v2\/pages"}],"about":[{"href":"https:\/\/www.saone-tourisme.fr\/en\/wp-json\/wp\/v2\/types\/page"}],"author":[{"embeddable":true,"href":"https:\/\/www.saone-tourisme.fr\/en\/wp-json\/wp\/v2\/users\/2"}],"replies":[{"embeddable":true,"href":"https:\/\/www.saone-tourisme.fr\/en\/wp-json\/wp\/v2\/comments?post=15748"}],"version-history":[{"count":2,"href":"https:\/\/www.saone-tourisme.fr\/en\/wp-json\/wp\/v2\/pages\/15748\/revisions"}],"predecessor-version":[{"id":15749,"href":"https:\/\/www.saone-tourisme.fr\/en\/wp-json\/wp\/v2\/pages\/15748\/revisions\/15749"}],"up":[{"embeddable":true,"href":"https:\/\/www.saone-tourisme.fr\/en\/wp-json\/wp\/v2\/pages\/15735"}],"wp:featuredmedia":[{"embeddable":true,"href":"https:\/\/www.saone-tourisme.fr\/en\/wp-json\/wp\/v2\/media\/553"}],"wp:attachment":[{"href":"https:\/\/www.saone-tourisme.fr\/en\/wp-json\/wp\/v2\/media?parent=15748"}],"curies":[{"name":"wp","href":"https:\/\/api.w.org\/{rel}","templated":true}]}}