{"id":18911,"date":"2020-07-18T17:10:39","date_gmt":"2020-07-18T15:10:39","guid":{"rendered":"https:\/\/www.saone-tourisme.fr\/im-here\/activities-in-the-great-outdoors\/natural-sites\/jardin-anglais\/"},"modified":"2021-12-09T10:41:10","modified_gmt":"2021-12-09T09:41:10","slug":"english-garden","status":"publish","type":"page","link":"https:\/\/www.saone-tourisme.fr\/en\/im-here\/activities-in-the-great-outdoors\/natural-sites\/english-garden\/","title":{"rendered":"Jardin anglais (English garden)"},"content":{"rendered":"<div class=\"wpb-content-wrapper\"><p>[vc_row][vc_column width=&#8221;2\/3&#8243;][vc_images_carousel images=&#8221;748,1483,1485&#8243; img_size=&#8221;900&#215;575&#8243; onclick=&#8221;link_no&#8221; autoplay=&#8221;yes&#8221; hide_pagination_control=&#8221;yes&#8221; wrap=&#8221;yes&#8221;][vc_row_inner el_class=&#8221;stickyblocnav&#8221;][vc_column_inner width=&#8221;1\/4&#8243;][vc_column_text]<a href=\"#para1\">Description<\/a>[\/vc_column_text][\/vc_column_inner][vc_column_inner width=&#8221;1\/4&#8243;][vc_column_text]<a href=\"#para2\">Price &amp; payment<\/a>[\/vc_column_text][\/vc_column_inner][vc_column_inner width=&#8221;1\/4&#8243;][vc_column_text]<a href=\"#para3\">Services &amp; Facilities<\/a>[\/vc_column_text][\/vc_column_inner][vc_column_inner width=&#8221;1\/4&#8243;][vc_column_text]<a href=\"#para4\">Opening hours<\/a>[\/vc_column_text][\/vc_column_inner][\/vc_row_inner][vc_row_inner el_class=&#8221;description&#8221;][vc_column_inner][vc_column_text el_id=&#8221;para1&#8243;]<\/p>\n<h4>Description<\/h4>\n<p>Am\u00e9nagement de style paysager, dit \u00ab \u00e0 la mode anglaise \u00bb, qui est la norme dans la seconde moiti\u00e9 du XIXe si\u00e8cle. Une aire de jeux est install\u00e9e pr\u00e8s des bancs publics permettant aux enfants, comme aux parents de profiter de l&#8217;ombre des nombreux arbres tels que le c\u00e8dre bleu, l&#8217;Atlas &#8230; Sans oublier, le s\u00e9quoia g\u00e9ant qui a le statut tant convoit\u00e9 d&#8217;arbre le plus grand du monde.<\/p>\n<p>Les fans de g\u00e9ocaching pourront partir \u00e0 la recherche de la cache dissimul\u00e9e dans le parc.[\/vc_column_text][vc_column_text el_id=&#8221;para2&#8243;]<\/p>\n<h4>Price &amp; payment<\/h4>\n<ul>\n<li>Free admission<\/li>\n<\/ul>\n<p>[\/vc_column_text][vc_column_text el_id=&#8221;para3&#8243;]<\/p>\n<h4>Services and Facilities<\/h4>\n<p>Pets are allowed if they are kept on a lead<br \/>\nPublic toilets<br \/>\nChildren\u2019s play area<br \/>\nPetanque pit<br \/>\nGeocaching hunt[\/vc_column_text][vc_column_text el_id=&#8221;para4&#8243;]<\/p>\n<h4>Opening hours<\/h4>\n<p>The English Garden is open every day, all year round[\/vc_column_text][\/vc_column_inner][\/vc_row_inner][\/vc_column][vc_column width=&#8221;1\/3&#8243; el_class=&#8221;stickybloc coordonnees&#8221;][vc_column_text]<\/p>\n<h4>Jardin anglais<\/h4>\n<p>Entrances to the park<\/p>\n<p>Avenue de la gare<br \/>\nCours de Verdun<br \/>\n21250 Seurre[\/vc_column_text][vc_btn title=&#8221;Send an email &#8221; style=&#8221;flat&#8221; shape=&#8221;round&#8221; color=&#8221;blancrives&#8221; align=&#8221;left&#8221; i_icon_fontawesome=&#8221;fas fa-envelope-open&#8221; add_icon=&#8221;true&#8221; link=&#8221;url:mailto%3Acontact%40saone-tourisme.fr|||&#8221;][vc_btn title=&#8221;+33 (0)3.80.20.31.05&#8243; style=&#8221;flat&#8221; shape=&#8221;round&#8221; color=&#8221;blancrives&#8221; align=&#8221;left&#8221; i_icon_fontawesome=&#8221;fas fa-phone&#8221; add_icon=&#8221;true&#8221; link=&#8221;url:tel%3A0380203105&#8243;][vc_raw_html]JTNDZGl2JTIwaWQlM0QlMjJibG9jbWFwJTIyJTNFJTNDJTJGZGl2JTNF[\/vc_raw_html][\/vc_column][\/vc_row][vc_row][vc_column][vc_column_text]<\/p>\n<h4 style=\"text-align: center;\">Vous aimerez aussi<\/h4>\n<p>[\/vc_column_text][\/vc_column][\/vc_row]<\/p>\n<\/div>","protected":false},"excerpt":{"rendered":"<p>[vc_row][vc_column width=&#8221;2\/3&#8243;][vc_images_carousel images=&#8221;748,1483,1485&#8243; img_size=&#8221;900&#215;575&#8243; onclick=&#8221;link_no&#8221; autoplay=&#8221;yes&#8221; hide_pagination_control=&#8221;yes&#8221; wrap=&#8221;yes&#8221;][vc_row_inner el_class=&#8221;stickyblocnav&#8221;][vc_column_inner width=&#8221;1\/4&#8243;][vc_column_text]Description[\/vc_column_text][\/vc_column_inner][vc_column_inner width=&#8221;1\/4&#8243;][vc_column_text]Price &amp; payment[\/vc_column_text][\/vc_column_inner][vc_column_inner width=&#8221;1\/4&#8243;][vc_column_text]Services &amp; Facilities[\/vc_column_text][\/vc_column_inner][vc_column_inner width=&#8221;1\/4&#8243;][vc_column_text]Opening hours[\/vc_column_text][\/vc_column_inner][\/vc_row_inner][vc_row_inner el_class=&#8221;description&#8221;][vc_column_inner][vc_column_text el_id=&#8221;para1&#8243;] Description Am\u00e9nagement de style paysager, dit \u00ab \u00e0 la mode anglaise \u00bb, qui est la norme dans la seconde moiti\u00e9 du XIXe si\u00e8cle. Une aire de jeux est install\u00e9e pr\u00e8s des bancs publics permettant aux [&hellip;]<\/p>\n","protected":false},"author":2,"featured_media":1481,"parent":18907,"menu_order":257,"comment_status":"closed","ping_status":"closed","template":"template_objet.php","meta":{"_acf_changed":false,"footnotes":""},"class_list":["post-18911","page","type-page","status-publish","has-post-thumbnail","hentry"],"acf":[],"_links":{"self":[{"href":"https:\/\/www.saone-tourisme.fr\/en\/wp-json\/wp\/v2\/pages\/18911","targetHints":{"allow":["GET"]}}],"collection":[{"href":"https:\/\/www.saone-tourisme.fr\/en\/wp-json\/wp\/v2\/pages"}],"about":[{"href":"https:\/\/www.saone-tourisme.fr\/en\/wp-json\/wp\/v2\/types\/page"}],"author":[{"embeddable":true,"href":"https:\/\/www.saone-tourisme.fr\/en\/wp-json\/wp\/v2\/users\/2"}],"replies":[{"embeddable":true,"href":"https:\/\/www.saone-tourisme.fr\/en\/wp-json\/wp\/v2\/comments?post=18911"}],"version-history":[{"count":2,"href":"https:\/\/www.saone-tourisme.fr\/en\/wp-json\/wp\/v2\/pages\/18911\/revisions"}],"predecessor-version":[{"id":18916,"href":"https:\/\/www.saone-tourisme.fr\/en\/wp-json\/wp\/v2\/pages\/18911\/revisions\/18916"}],"up":[{"embeddable":true,"href":"https:\/\/www.saone-tourisme.fr\/en\/wp-json\/wp\/v2\/pages\/18907"}],"wp:featuredmedia":[{"embeddable":true,"href":"https:\/\/www.saone-tourisme.fr\/en\/wp-json\/wp\/v2\/media\/1481"}],"wp:attachment":[{"href":"https:\/\/www.saone-tourisme.fr\/en\/wp-json\/wp\/v2\/media?parent=18911"}],"curies":[{"name":"wp","href":"https:\/\/api.w.org\/{rel}","templated":true}]}}