{"id":18912,"date":"2020-07-18T17:52:38","date_gmt":"2020-07-18T15:52:38","guid":{"rendered":"https:\/\/www.saone-tourisme.fr\/im-here\/activities-in-the-great-outdoors\/natural-sites\/forets-de-memoire\/"},"modified":"2021-12-09T10:49:17","modified_gmt":"2021-12-09T09:49:17","slug":"remembrance-forest","status":"publish","type":"page","link":"https:\/\/www.saone-tourisme.fr\/en\/im-here\/activities-in-the-great-outdoors\/natural-sites\/remembrance-forest\/","title":{"rendered":"Remembrance Forest"},"content":{"rendered":"<div class=\"wpb-content-wrapper\"><p>[vc_row][vc_column width=&#8221;2\/3&#8243;][vc_images_carousel images=&#8221;1499,2998,3001,3004&#8243; img_size=&#8221;900&#215;575&#8243; onclick=&#8221;link_no&#8221; autoplay=&#8221;yes&#8221; hide_pagination_control=&#8221;yes&#8221; wrap=&#8221;yes&#8221;][vc_row_inner el_class=&#8221;stickyblocnav&#8221;][vc_column_inner width=&#8221;1\/4&#8243;][vc_column_text]<a href=\"#para1\">Description<\/a>[\/vc_column_text][\/vc_column_inner][vc_column_inner width=&#8221;1\/4&#8243;][vc_column_text]<a href=\"#para2\">Price &amp; payment<\/a>[\/vc_column_text][\/vc_column_inner][vc_column_inner width=&#8221;1\/4&#8243;][vc_column_text]<a href=\"#para3\">Services and Facilities<\/a>[\/vc_column_text][\/vc_column_inner][vc_column_inner width=&#8221;1\/4&#8243;][vc_column_text]<a href=\"#para4\">Opening hours<\/a>[\/vc_column_text][\/vc_column_inner][\/vc_row_inner][vc_row_inner el_class=&#8221;description&#8221;][vc_column_inner][vc_column_text el_id=&#8221;para1&#8243;]<\/p>\n<h4>Description<\/h4>\n<p>150 trees have been planted in Chamblanc, Jallanges and Seurre in tribute to the liberation of 150 slaves. This forest was officially inaugurated to honour Anne-Marie Javouhey. This nun was a native of Chamblanc in the Val de Sa\u00f4ne, and she liberated 150 slaves from Guiana in 1838, ten whole years before slavery was abolished. Each tree bears the name of one of these first slaves to be emancipated.<\/p>\n<p>This remembrance forest is devoted to the liberated slaves of Mana, in Guiana, is a part of the tourist route known as the \u201cAbolition of slavery and human rights route\u201d (Maison de la N\u00e9gritude de Champagney, Ch\u00e2teau de Joux in Pontarlier, Mus\u00e9e Schoelcher de Fessenheim, Maison Anne-Marie Javouhey de Chamblanc, etc.)[\/vc_column_text][vc_column_text el_id=&#8221;para2&#8243;]<\/p>\n<h4>Price &amp; payment<\/h4>\n<ul>\n<li>Free admission<\/li>\n<\/ul>\n<p>[\/vc_column_text][vc_column_text el_id=&#8221;para3&#8243;]<\/p>\n<h4>Services and Facilities<\/h4>\n<p>Pets are allowed as long as they are kept on a lead<br \/>\nCar park[\/vc_column_text][vc_column_text el_id=&#8221;para4&#8243;]<\/p>\n<h4>Opening hours<\/h4>\n<p>Access all year round to open-air remembrance forests, the churches of Chamblanc and Seurre and the historic trail.[\/vc_column_text][\/vc_column_inner][\/vc_row_inner][\/vc_column][vc_column width=&#8221;1\/3&#8243; el_class=&#8221;stickybloc coordonnees&#8221;][vc_column_text]<\/p>\n<h4>For\u00eats de m\u00e9moire Anne-Marie Javouhey<\/h4>\n<p>Rue derri\u00e8re les Meix (pr\u00e8s de l&#8217;\u00e9tang) &#8211; Chamblanc<br \/>\nRue Anne-Marie Javouhey (pr\u00e8s de l&#8217;\u00e9tang) &#8211; Jallanges<br \/>\nVoie bleue &#8211; Seurre[\/vc_column_text][vc_btn title=&#8221;Send an email &#8221; style=&#8221;flat&#8221; shape=&#8221;round&#8221; color=&#8221;blancrives&#8221; align=&#8221;left&#8221; i_icon_fontawesome=&#8221;fas fa-envelope-open&#8221; add_icon=&#8221;true&#8221; link=&#8221;url:mailto%3Amairie.chamblanc%40orange.fr|||&#8221;][vc_btn title=&#8221;+33 (0)3.80.20.40.37&#8243; style=&#8221;flat&#8221; shape=&#8221;round&#8221; color=&#8221;blancrives&#8221; align=&#8221;left&#8221; i_icon_fontawesome=&#8221;fas fa-phone&#8221; add_icon=&#8221;true&#8221; link=&#8221;url:tel%3A0380204037|||&#8221;][vc_btn title=&#8221;Visit the site &#8221; style=&#8221;flat&#8221; shape=&#8221;round&#8221; color=&#8221;blancrives&#8221; align=&#8221;left&#8221; i_icon_fontawesome=&#8221;fas fa-home&#8221; add_icon=&#8221;true&#8221; link=&#8221;url:http%3A%2F%2Fwww.abolitions.org%2Findex.php%3FIdPage%3D1504603028%23sto-onglet-1504603028||target:%20_blank|&#8221;][vc_raw_html]JTNDZGl2JTIwaWQlM0QlMjJibG9jbWFwJTIyJTNFJTNDJTJGZGl2JTNF[\/vc_raw_html][\/vc_column][\/vc_row][vc_row][vc_column][vc_column_text]<\/p>\n<h4 style=\"text-align: center;\">Vous aimerez aussi<\/h4>\n<p>[\/vc_column_text][\/vc_column][\/vc_row]<\/p>\n<\/div>","protected":false},"excerpt":{"rendered":"<p>[vc_row][vc_column width=&#8221;2\/3&#8243;][vc_images_carousel images=&#8221;1499,2998,3001,3004&#8243; img_size=&#8221;900&#215;575&#8243; onclick=&#8221;link_no&#8221; autoplay=&#8221;yes&#8221; hide_pagination_control=&#8221;yes&#8221; wrap=&#8221;yes&#8221;][vc_row_inner el_class=&#8221;stickyblocnav&#8221;][vc_column_inner width=&#8221;1\/4&#8243;][vc_column_text]Description[\/vc_column_text][\/vc_column_inner][vc_column_inner width=&#8221;1\/4&#8243;][vc_column_text]Price &amp; payment[\/vc_column_text][\/vc_column_inner][vc_column_inner width=&#8221;1\/4&#8243;][vc_column_text]Services and Facilities[\/vc_column_text][\/vc_column_inner][vc_column_inner width=&#8221;1\/4&#8243;][vc_column_text]Opening hours[\/vc_column_text][\/vc_column_inner][\/vc_row_inner][vc_row_inner el_class=&#8221;description&#8221;][vc_column_inner][vc_column_text el_id=&#8221;para1&#8243;] Description 150 trees have been planted in Chamblanc, Jallanges and Seurre in tribute to the liberation of 150 slaves. This forest was officially inaugurated to honour Anne-Marie Javouhey. This nun was a native of Chamblanc [&hellip;]<\/p>\n","protected":false},"author":2,"featured_media":1502,"parent":18907,"menu_order":258,"comment_status":"closed","ping_status":"closed","template":"template_objet.php","meta":{"_acf_changed":false,"footnotes":""},"class_list":["post-18912","page","type-page","status-publish","has-post-thumbnail","hentry"],"acf":[],"_links":{"self":[{"href":"https:\/\/www.saone-tourisme.fr\/en\/wp-json\/wp\/v2\/pages\/18912","targetHints":{"allow":["GET"]}}],"collection":[{"href":"https:\/\/www.saone-tourisme.fr\/en\/wp-json\/wp\/v2\/pages"}],"about":[{"href":"https:\/\/www.saone-tourisme.fr\/en\/wp-json\/wp\/v2\/types\/page"}],"author":[{"embeddable":true,"href":"https:\/\/www.saone-tourisme.fr\/en\/wp-json\/wp\/v2\/users\/2"}],"replies":[{"embeddable":true,"href":"https:\/\/www.saone-tourisme.fr\/en\/wp-json\/wp\/v2\/comments?post=18912"}],"version-history":[{"count":2,"href":"https:\/\/www.saone-tourisme.fr\/en\/wp-json\/wp\/v2\/pages\/18912\/revisions"}],"predecessor-version":[{"id":18920,"href":"https:\/\/www.saone-tourisme.fr\/en\/wp-json\/wp\/v2\/pages\/18912\/revisions\/18920"}],"up":[{"embeddable":true,"href":"https:\/\/www.saone-tourisme.fr\/en\/wp-json\/wp\/v2\/pages\/18907"}],"wp:featuredmedia":[{"embeddable":true,"href":"https:\/\/www.saone-tourisme.fr\/en\/wp-json\/wp\/v2\/media\/1502"}],"wp:attachment":[{"href":"https:\/\/www.saone-tourisme.fr\/en\/wp-json\/wp\/v2\/media?parent=18912"}],"curies":[{"name":"wp","href":"https:\/\/api.w.org\/{rel}","templated":true}]}}