{"id":18932,"date":"2020-06-22T16:54:18","date_gmt":"2020-06-22T14:54:18","guid":{"rendered":"https:\/\/www.saone-tourisme.fr\/im-here\/activities-in-the-great-outdoors\/cyclotourisme\/"},"modified":"2021-12-09T11:17:23","modified_gmt":"2021-12-09T10:17:23","slug":"cycling-tourism","status":"publish","type":"page","link":"https:\/\/www.saone-tourisme.fr\/en\/im-here\/activities-in-the-great-outdoors\/cycling-tourism\/","title":{"rendered":"Cycling Tourism"},"content":{"rendered":"<div class=\"wpb-content-wrapper\"><p>[vc_row el_class=&#8221;chapeau&#8221; css=&#8221;.vc_custom_1592834166321{background-color: #0a9a9b !important;}&#8221;][vc_column][vc_column_text]<\/p>\n<h1>Voie bleue Saone Moselle : BIKE RIDES ALONG THE BANKS OF THE SAONE<\/h1>\n<h2 class=\"chapeau\">For a family bike ride or for more experienced cyclists, come and explore the banks of the Sa\u00f4ne along the EuroV\u00e9lo 6 cycle path in C\u00f4te d\u2019Or (Burgundy) from Saint-Symphorien-sur-Sa\u00f4ne to Trugny, via Saint de Losne and Seurre. Accessible to all, explore the banks of the Sa\u00f4ne in a different way.<\/h2>\n<p>[\/vc_column_text][\/vc_column][\/vc_row][vc_row][vc_column width=&#8221;2\/3&#8243;][vc_images_carousel images=&#8221;2944,2686,2688,2682,2680,3370&#8243; img_size=&#8221;900&#215;575&#8243; onclick=&#8221;link_no&#8221; autoplay=&#8221;yes&#8221; hide_pagination_control=&#8221;yes&#8221; wrap=&#8221;yes&#8221;][vc_row_inner el_class=&#8221;stickyblocnav&#8221;][vc_column_inner width=&#8221;1\/4&#8243;][vc_column_text]<a href=\"#para1\">Description<\/a>[\/vc_column_text][\/vc_column_inner][vc_column_inner width=&#8221;1\/4&#8243;][vc_column_text]<a href=\"#para2\">Price &amp; payment<\/a>[\/vc_column_text][\/vc_column_inner][vc_column_inner width=&#8221;1\/4&#8243;][vc_column_text]<a href=\"#para3\">Services &amp; Facilities<\/a>[\/vc_column_text][\/vc_column_inner][vc_column_inner width=&#8221;1\/4&#8243;][vc_column_text]<a href=\"#para4\">Opening hours<\/a>[\/vc_column_text][\/vc_column_inner][\/vc_row_inner][vc_row_inner el_class=&#8221;description&#8221;][vc_column_inner][vc_column_text el_id=&#8221;para1&#8243;]<\/p>\n<h4>Description<\/h4>\n<p>Fans of bike rides, our cycle paths are adapted for your bikes, they are safe and clearly marked out in both directions:<\/p>\n<p><strong><a href=\"https:\/\/en.lavoiebleue.com\/\" target=\"_blank\" rel=\"noopener\">Eurov\u00e9lo 6<\/a> <\/strong>is a shared route with some sections reserved for eco-friendly means of transport, connecting the Rhine to the Atlantic. Also known as the \u201cRivers Route\u201d, you can join onto this path in Saint-Symphorien, and then it merges with the V50 when yEou reach the Sa\u00f4ne.<\/p>\n<p>The <strong>\u201c<a href=\"https:\/\/en.lavoiebleue.com\/\" target=\"_blank\" rel=\"noopener\">Voie Bleue Moselle Sa\u00f4ne \u00e0 V\u00e9lo\u00ae<\/a><\/strong>\u201d (V50) crosses the French department of C\u00f4te d\u2019Or alongside the Sa\u00f4ne. Some of this cycling route is reserved for non-motorised vehicles, some is on small country roads. It runs from the border with Luxembourg to Lyon, through some charming villages along the way.[\/vc_column_text][vc_column_text el_id=&#8221;para2&#8243;]<\/p>\n<h4>Price &amp; payment<\/h4>\n<ul>\n<li>Free-of-charge<\/li>\n<\/ul>\n<p>[\/vc_column_text][vc_column_text el_id=&#8221;para3&#8243;]<\/p>\n<h4>Services and Facilities<\/h4>\n<p>Car park<br \/>\nWi-Fi at the Tourist Office<br \/>\nTourism Documentation<br \/>\nDrinking water available at the Tourist Office[\/vc_column_text][vc_column_text el_id=&#8221;para4&#8243;]<\/p>\n<h4>Opening hours<\/h4>\n<p>Our cycle routes can be used all year round. However, the &#8220;Voie Bleue, Moselle Sa\u00f4ne \u00e0 V\u00e9lo\u00ae\u201d running along a part of the Sa\u00f4ne, cannot be accessed when the waters of the river are too high.[\/vc_column_text][\/vc_column_inner][\/vc_row_inner][\/vc_column][vc_column width=&#8221;1\/3&#8243; el_class=&#8221;stickybloc coordonnees&#8221;][vc_column_text]<\/p>\n<h4>Cartes \u00e0 retirer<\/h4>\n<p>Office de Tourisme Rives de Sa\u00f4ne<br \/>\nEsplanade des Itin\u00e9rances\u00a0 &#8211; Quai Lafayette \u00a0&#8211; Saint-Jean-de-Losne<br \/>\nCapitainerie &#8211; Rue de la perche \u00e0 l&#8217;oiseau &#8211; Seurre[\/vc_column_text][vc_btn title=&#8221;Send an email &#8221; style=&#8221;flat&#8221; shape=&#8221;round&#8221; color=&#8221;blancrives&#8221; align=&#8221;left&#8221; i_icon_fontawesome=&#8221;fas fa-envelope-open&#8221; add_icon=&#8221;true&#8221; link=&#8221;url:mailto%3Acontact%40saone-tourisme.fr|||&#8221;][vc_btn title=&#8221;+33 (0)3.80.37.15.70&#8243; style=&#8221;flat&#8221; shape=&#8221;round&#8221; color=&#8221;blancrives&#8221; align=&#8221;left&#8221; i_icon_fontawesome=&#8221;fas fa-phone&#8221; add_icon=&#8221;true&#8221; link=&#8221;url:tel%3A0380371570|||&#8221; el_class=&#8221;afftel&#8221;][vc_btn title=&#8221;Download the trails &#8221; style=&#8221;flat&#8221; shape=&#8221;round&#8221; color=&#8221;blancrives&#8221; align=&#8221;left&#8221; i_icon_fontawesome=&#8221;fas fa-cloud-download-alt&#8221; add_icon=&#8221;true&#8221; link=&#8221;url:https%3A%2F%2Fwww.lavoiebleue.com%2Fitineraire||target:%20_blank|&#8221;][vc_btn title=&#8221;Download the EuroV\u00e9lo6 brochure&#8221; style=&#8221;flat&#8221; shape=&#8221;round&#8221; color=&#8221;blancrives&#8221; align=&#8221;left&#8221; i_icon_fontawesome=&#8221;fas fa-cloud-download-alt&#8221; add_icon=&#8221;true&#8221; link=&#8221;url:https%3A%2F%2Fwww.jura-tourism.com%2Fessentiel-du-jura%2Fpratique%2Fcarte-brochures-et-guides%2Fleurovelo-6-en-bourgogne-franche-comte%2F||target:%20_blank|&#8221;][vc_btn title=&#8221;Download the map of the Voie Bleue &#8221; style=&#8221;flat&#8221; shape=&#8221;round&#8221; color=&#8221;blancrives&#8221; align=&#8221;left&#8221; i_icon_fontawesome=&#8221;fas fa-cloud-download-alt&#8221; add_icon=&#8221;true&#8221; link=&#8221;url:https%3A%2F%2Fwww.saone-tourisme.fr%2Fwp-content%2Fuploads%2F2020%2F10%2FMap_Voie_Bleue.pdf|target:_blank&#8221;][vc_raw_html]JTNDZGl2JTIwaWQlM0QlMjJibG9jbWFwJTIyJTNFJTNDJTJGZGl2JTNF[\/vc_raw_html][\/vc_column][\/vc_row][vc_row][vc_column][vc_column_text]<\/p>\n<h4 style=\"text-align: center;\">Vous aimerez aussi<\/h4>\n<p>[\/vc_column_text][\/vc_column][\/vc_row]<\/p>\n<\/div>","protected":false},"excerpt":{"rendered":"<p>[vc_row el_class=&#8221;chapeau&#8221; css=&#8221;.vc_custom_1592834166321{background-color: #0a9a9b !important;}&#8221;][vc_column][vc_column_text] Voie bleue Saone Moselle : BIKE RIDES ALONG THE BANKS OF THE SAONE For a family bike ride or for more experienced cyclists, come and explore the banks of the Sa\u00f4ne along the EuroV\u00e9lo 6 cycle path in C\u00f4te d\u2019Or (Burgundy) from Saint-Symphorien-sur-Sa\u00f4ne to Trugny, via Saint de Losne and [&hellip;]<\/p>\n","protected":false},"author":2,"featured_media":3358,"parent":18905,"menu_order":111,"comment_status":"closed","ping_status":"closed","template":"template_objet.php","meta":{"_acf_changed":false,"footnotes":""},"class_list":["post-18932","page","type-page","status-publish","has-post-thumbnail","hentry"],"acf":[],"_links":{"self":[{"href":"https:\/\/www.saone-tourisme.fr\/en\/wp-json\/wp\/v2\/pages\/18932","targetHints":{"allow":["GET"]}}],"collection":[{"href":"https:\/\/www.saone-tourisme.fr\/en\/wp-json\/wp\/v2\/pages"}],"about":[{"href":"https:\/\/www.saone-tourisme.fr\/en\/wp-json\/wp\/v2\/types\/page"}],"author":[{"embeddable":true,"href":"https:\/\/www.saone-tourisme.fr\/en\/wp-json\/wp\/v2\/users\/2"}],"replies":[{"embeddable":true,"href":"https:\/\/www.saone-tourisme.fr\/en\/wp-json\/wp\/v2\/comments?post=18932"}],"version-history":[{"count":2,"href":"https:\/\/www.saone-tourisme.fr\/en\/wp-json\/wp\/v2\/pages\/18932\/revisions"}],"predecessor-version":[{"id":18934,"href":"https:\/\/www.saone-tourisme.fr\/en\/wp-json\/wp\/v2\/pages\/18932\/revisions\/18934"}],"up":[{"embeddable":true,"href":"https:\/\/www.saone-tourisme.fr\/en\/wp-json\/wp\/v2\/pages\/18905"}],"wp:featuredmedia":[{"embeddable":true,"href":"https:\/\/www.saone-tourisme.fr\/en\/wp-json\/wp\/v2\/media\/3358"}],"wp:attachment":[{"href":"https:\/\/www.saone-tourisme.fr\/en\/wp-json\/wp\/v2\/media?parent=18932"}],"curies":[{"name":"wp","href":"https:\/\/api.w.org\/{rel}","templated":true}]}}