{"id":18941,"date":"2021-02-25T10:30:23","date_gmt":"2021-02-25T09:30:23","guid":{"rendered":"https:\/\/www.saone-tourisme.fr\/im-here\/activities-in-the-great-outdoors\/base-de-loisirs\/"},"modified":"2021-12-09T11:33:33","modified_gmt":"2021-12-09T10:33:33","slug":"leisure-complex","status":"publish","type":"page","link":"https:\/\/www.saone-tourisme.fr\/en\/im-here\/activities-in-the-great-outdoors\/leisure-complex\/","title":{"rendered":"Leisure complex"},"content":{"rendered":"<div class=\"wpb-content-wrapper\"><p>[vc_row][vc_column width=&#8221;2\/3&#8243;][vc_images_carousel images=&#8221;1435,1437,5005&#8243; img_size=&#8221;900&#215;575&#8243; onclick=&#8221;link_no&#8221; autoplay=&#8221;yes&#8221; hide_pagination_control=&#8221;yes&#8221; wrap=&#8221;yes&#8221;][vc_row_inner el_class=&#8221;stickyblocnav&#8221;][vc_column_inner width=&#8221;1\/4&#8243;][vc_column_text]<a href=\"#para1\">Description<\/a>[\/vc_column_text][\/vc_column_inner][vc_column_inner width=&#8221;1\/4&#8243;][vc_column_text]<a href=\"#para2\">Price &amp; payment<\/a>[\/vc_column_text][\/vc_column_inner][vc_column_inner width=&#8221;1\/4&#8243;][vc_column_text]<a href=\"#para3\">Services &amp; Facilities<\/a>[\/vc_column_text][\/vc_column_inner][vc_column_inner width=&#8221;1\/4&#8243;][vc_column_text]<a href=\"#para4\">Ouverture<\/a>[\/vc_column_text][\/vc_column_inner][\/vc_row_inner][vc_row_inner el_class=&#8221;description&#8221;][vc_column_inner][vc_column_text el_id=&#8221;para1&#8243;]<\/p>\n<h4>Description<\/h4>\n<p>At the leisure complex at the<a href=\"https:\/\/www.saone-tourisme.fr\/hebergements\/camping-de-la-plage-de-seurre\/\" target=\"_blank\" rel=\"noopener\"> Camping de la Plage<\/a>, you can enjoy the joys of the Sa\u00f4ne by renting a canoe, kayak or pedalo boat. You could even take advantage of a sunny afternoon to try your hand at water skiing.<\/p>\n<p>The campsite was awarded the \u201cAccueil V\u00e9lo\u201d label in 2006, and offers mountain bike hire every day throughout the season.\u00a0 They have mountain bikes for adults and children, ideal for riding along the \u201cV<a href=\"https:\/\/www.saone-tourisme.fr\/en\/im-here\/activities-in-the-great-outdoors\/cycling-tourism\/\" target=\"_blank\" rel=\"noopener\">oie Bleue, Moselle Sa\u00f4ne \u00e0 V\u00e9lo\u00ae<\/a>\u201d (V50).<\/p>\n<p>Remember to make a booking for any of these services!<br \/>\nYou can pay in cash, by cheque, credit card, French holiday cheques, bank transfer and payment order.[\/vc_column_text][vc_column_text el_id=&#8221;para2&#8243;]<\/p>\n<h4>Price &amp; payment<\/h4>\n<ul>\n<li>Price on request<\/li>\n<\/ul>\n<p>You can pay in cash, by cheque, credit card, French holiday cheques, bank transfer and payment order.[\/vc_column_text][vc_column_text el_id=&#8221;para3&#8243;]<\/p>\n<h4>Services and Facilities<\/h4>\n<ul>\n<li>Pets allowed<\/li>\n<li>Car park<\/li>\n<li>Free wifi<\/li>\n<li>Tourist information<\/li>\n<\/ul>\n<p>[\/vc_column_text][vc_column_text el_id=&#8221;para4&#8243;]<\/p>\n<h4>Ouverture<\/h4>\n<p>Open every day depending on the season:<br \/>\n&#8211; 9:30am-12pm and 4pm-7pm: from 23rd April to 10th June and from 30th August to 3rd October.<br \/>\n&#8211; 9:30am-12pm and 3pm-8pm: from 11th June to the 29th August.[\/vc_column_text][\/vc_column_inner][\/vc_row_inner][\/vc_column][vc_column width=&#8221;1\/3&#8243; el_class=&#8221;stickybloc coordonnees&#8221;][vc_column_text]<\/p>\n<h4>Camping de la plage<\/h4>\n<p>3 Le portail<br \/>\n21250 Pouilly-sur-Sapone[\/vc_column_text][vc_btn title=&#8221;Send an email &#8221; style=&#8221;flat&#8221; shape=&#8221;round&#8221; color=&#8221;blancrives&#8221; align=&#8221;left&#8221; i_icon_fontawesome=&#8221;fas fa-envelope-open&#8221; add_icon=&#8221;true&#8221; link=&#8221;url:mailto%3Acamping.seurre%40orange.fr&#8221;][vc_btn title=&#8221;+33 (0)3.80.20.49.22&#8243; style=&#8221;flat&#8221; shape=&#8221;round&#8221; color=&#8221;blancrives&#8221; align=&#8221;left&#8221; i_icon_fontawesome=&#8221;fas fa-phone-alt&#8221; add_icon=&#8221;true&#8221; link=&#8221;url:tel%3A0380204922&#8243;][vc_btn title=&#8221;Visit the site&#8221; style=&#8221;flat&#8221; shape=&#8221;round&#8221; color=&#8221;blancrives&#8221; align=&#8221;left&#8221; i_icon_fontawesome=&#8221;fas fa-home&#8221; add_icon=&#8221;true&#8221; link=&#8221;url:https%3A%2F%2Fwww.campingdelaplage-seurre.fr%2F|target:_blank&#8221;][vc_btn title=&#8221;Bookings online&#8221; style=&#8221;flat&#8221; shape=&#8221;round&#8221; color=&#8221;turquoiserives&#8221; size=&#8221;lg&#8221; align=&#8221;center&#8221; button_block=&#8221;true&#8221; link=&#8221;url:http%3A%2F%2Freservation.3douest.com%2Fseurre%2F|target:_blank&#8221;][vc_raw_html]JTNDZGl2JTIwaWQlM0QlMjJibG9jbWFwJTIyJTNFJTNDJTJGZGl2JTNF[\/vc_raw_html][\/vc_column][\/vc_row][vc_row][vc_column][vc_column_text]<\/p>\n<h4 style=\"text-align: center;\">Vous aimerez aussi<\/h4>\n<p>[\/vc_column_text][\/vc_column][\/vc_row]<\/p>\n<\/div>","protected":false},"excerpt":{"rendered":"<p>[vc_row][vc_column width=&#8221;2\/3&#8243;][vc_images_carousel images=&#8221;1435,1437,5005&#8243; img_size=&#8221;900&#215;575&#8243; onclick=&#8221;link_no&#8221; autoplay=&#8221;yes&#8221; hide_pagination_control=&#8221;yes&#8221; wrap=&#8221;yes&#8221;][vc_row_inner el_class=&#8221;stickyblocnav&#8221;][vc_column_inner width=&#8221;1\/4&#8243;][vc_column_text]Description[\/vc_column_text][\/vc_column_inner][vc_column_inner width=&#8221;1\/4&#8243;][vc_column_text]Price &amp; payment[\/vc_column_text][\/vc_column_inner][vc_column_inner width=&#8221;1\/4&#8243;][vc_column_text]Services &amp; Facilities[\/vc_column_text][\/vc_column_inner][vc_column_inner width=&#8221;1\/4&#8243;][vc_column_text]Ouverture[\/vc_column_text][\/vc_column_inner][\/vc_row_inner][vc_row_inner el_class=&#8221;description&#8221;][vc_column_inner][vc_column_text el_id=&#8221;para1&#8243;] Description At the leisure complex at the Camping de la Plage, you can enjoy the joys of the Sa\u00f4ne by renting a canoe, kayak or pedalo boat. You could even take advantage of a sunny afternoon [&hellip;]<\/p>\n","protected":false},"author":2,"featured_media":1440,"parent":18905,"menu_order":279,"comment_status":"closed","ping_status":"closed","template":"template_objet.php","meta":{"_acf_changed":false,"footnotes":""},"class_list":["post-18941","page","type-page","status-publish","has-post-thumbnail","hentry"],"acf":[],"_links":{"self":[{"href":"https:\/\/www.saone-tourisme.fr\/en\/wp-json\/wp\/v2\/pages\/18941","targetHints":{"allow":["GET"]}}],"collection":[{"href":"https:\/\/www.saone-tourisme.fr\/en\/wp-json\/wp\/v2\/pages"}],"about":[{"href":"https:\/\/www.saone-tourisme.fr\/en\/wp-json\/wp\/v2\/types\/page"}],"author":[{"embeddable":true,"href":"https:\/\/www.saone-tourisme.fr\/en\/wp-json\/wp\/v2\/users\/2"}],"replies":[{"embeddable":true,"href":"https:\/\/www.saone-tourisme.fr\/en\/wp-json\/wp\/v2\/comments?post=18941"}],"version-history":[{"count":2,"href":"https:\/\/www.saone-tourisme.fr\/en\/wp-json\/wp\/v2\/pages\/18941\/revisions"}],"predecessor-version":[{"id":18943,"href":"https:\/\/www.saone-tourisme.fr\/en\/wp-json\/wp\/v2\/pages\/18941\/revisions\/18943"}],"up":[{"embeddable":true,"href":"https:\/\/www.saone-tourisme.fr\/en\/wp-json\/wp\/v2\/pages\/18905"}],"wp:featuredmedia":[{"embeddable":true,"href":"https:\/\/www.saone-tourisme.fr\/en\/wp-json\/wp\/v2\/media\/1440"}],"wp:attachment":[{"href":"https:\/\/www.saone-tourisme.fr\/en\/wp-json\/wp\/v2\/media?parent=18941"}],"curies":[{"name":"wp","href":"https:\/\/api.w.org\/{rel}","templated":true}]}}