{"id":20355,"date":"2020-06-22T17:03:45","date_gmt":"2020-06-22T15:03:45","guid":{"rendered":"https:\/\/www.saone-tourisme.fr\/infos-pratiques\/office-de-tourisme\/"},"modified":"2021-12-23T09:22:54","modified_gmt":"2021-12-23T08:22:54","slug":"tourist-office","status":"publish","type":"page","link":"https:\/\/www.saone-tourisme.fr\/en\/practical-information\/tourist-office\/","title":{"rendered":"Tourist Office"},"content":{"rendered":"<div class=\"wpb-content-wrapper\"><p>[vc_row el_class=&#8221;chapeau&#8221; css=&#8221;.vc_custom_1592834166321{background-color: #0a9a9b !important;}&#8221;][vc_column][vc_column_text]<\/p>\n<h1 style=\"text-align: center;\">MAKE YOURSELVES AT HOME, WE\u2019LL TAKE GOOD CARE OF YOU \u263a<\/h1>\n<p>[\/vc_column_text][\/vc_column][\/vc_row][vc_row][vc_column width=&#8221;1\/2&#8243;][vc_single_image image=&#8221;5593&#8243; img_size=&#8221;500&#215;250&#8243; alignment=&#8221;center&#8221;][\/vc_column][vc_column width=&#8221;1\/2&#8243;][vc_single_image image=&#8221;648&#8243; img_size=&#8221;500&#215;250&#8243; alignment=&#8221;center&#8221;][\/vc_column][\/vc_row][vc_row][vc_column][vc_column_text]<\/p>\n<h4>Pr\u00e9sentation<\/h4>\n<p>The Tourist Office is managed by an Operations Council made up of elected officials and professionals from the tourism industry.<\/p>\n<p>They intervene across the 38 towns of the Rives de Sa\u00f4ne territory. The main goal of the Rives de Sa\u00f4ne Tourist Office is to promote the destination with visitors and professionals from the tourism industry. They do this by showcasing the cultural and leisure activities of the local area: heritage, history, eco-friendly tourism, intangible heritage, etc. Added to this are partnerships with local players, the coordination and development of the local area.<\/p>\n<p>We welcome you all year round (closed from the 15\/12 to 15\/01) in the towns of Saint-Jean-de-Losne and Seurre, to share with you our knowledge of the area and to help you find the perfect souvenir to take home in your suitcase.[\/vc_column_text][\/vc_column][\/vc_row][vc_row][vc_column][vc_empty_space height=&#8221;30px&#8221;][\/vc_column][\/vc_row][vc_row][vc_column][vc_column_text]<\/p>\n<h2 style=\"text-align: center;\"><strong>Office de Tourisme Rives de Sa\u00f4ne<\/strong><\/h2>\n<p>[\/vc_column_text][\/vc_column][\/vc_row][vc_row][vc_column width=&#8221;1\/2&#8243;][vc_column_text]<\/p>\n<p style=\"text-align: center;\"><strong>Bureau d&#8217;information touristique<\/strong><br \/>\nEsplanade des Itin\u00e9rances &#8211; Quai Lafayette<br \/>\n21170 Saint-Jean-de-Losne<br \/>\nT\u00e9l. <a href=\"tel:0380371570\">03.80.37.15.70<\/a><\/p>\n<p style=\"text-align: center;\"><strong>Nous vous accueillons<\/strong><\/p>\n<p style=\"text-align: center;\"><strong>Du 02 janvier au 31 mars<\/strong><br \/>\nDu mardi au vendredi de 10h00 \u00e0 12h00 et de 14h00 \u00e0 17h00<\/p>\n<p style=\"text-align: center;\"><strong>Du 01 avril au 30 avril\u00a0<\/strong><br \/>\nDu lundi au samedi de 10h00 \u00e0 12h00 et de 14h00 \u00e0 18h00<\/p>\n<p style=\"text-align: center;\"><strong>Du 01 mai au 30 septembre\u00a0<\/strong><br \/>\nDu lundi au dimanche de 10h00 \u00e0 13h00 et de 14h00 \u00e0 19h00<\/p>\n<p style=\"text-align: center;\"><strong>Du 01 octobre au 31 d\u00e9cembre\u00a0<\/strong><br \/>\nDu lundi au vendredi de 10h00 \u00e0 12h00 et de 14h00 \u00e0 17h00<\/p>\n<p>[\/vc_column_text][\/vc_column][vc_column width=&#8221;1\/2&#8243;][vc_column_text]<\/p>\n<p style=\"text-align: center;\"><strong>Bureau d&#8217;information Touristique\u00a0<\/strong><br \/>\nCapitainerie &#8211; Rue de la perche \u00e0 l&#8217;oiseau<br \/>\n21250 Seurre<br \/>\nT\u00e9l. <a href=\"tel:0380203105\">03.80.20.31.05<\/a><\/p>\n<p style=\"text-align: center;\"><strong>Nous vous accueillons<\/strong><\/p>\n<p style=\"text-align: center;\">L&#8217;accueil des visiteurs s&#8217;effectue sur notre antenne de Saint-Jean-de-Losne<br \/>\njusqu&#8217;au 01 mars.<\/p>\n<p style=\"text-align: center;\"><strong>Du 01 au 30 avril\u00a0<\/strong><br \/>\nDu lundi au dimanche de 8h30 \u00e0 12h30 et de 15h30 \u00e0 19h00<\/p>\n<p style=\"text-align: center;\"><strong>Du 01 mai au 30 septembre<\/strong><br \/>\nDu lundi au dimanche de 9h00 \u00e0 12h00 et de 15h00 \u00e0 19h00<\/p>\n<p style=\"text-align: center;\"><strong>Du 01 octobre au 31 d\u00e9cembre\u00a0<\/strong><br \/>\nDu lundi au vendredi de 10h00 \u00e0 12h00 et de 14h00 \u00e0 17h00<\/p>\n<p>[\/vc_column_text][\/vc_column][\/vc_row][vc_row][vc_column][vc_empty_space height=&#8221;30px&#8221;][\/vc_column][\/vc_row][vc_row][vc_column][vc_column_text]<\/p>\n<h2 style=\"text-align: center;\"><strong>Notre \u00e9quipe<\/strong><\/h2>\n<p>[\/vc_column_text][\/vc_column][\/vc_row][vc_row][vc_column][vc_single_image image=&#8221;5121&#8243; img_size=&#8221;1439 x 705&#8243;][vc_row_inner][vc_column_inner width=&#8221;1\/5&#8243;][\/vc_column_inner][vc_column_inner width=&#8221;1\/5&#8243;][vc_column_text]<\/p>\n<p style=\"text-align: center;\">T\u00e9l. <a href=\"tel:0380371570\">03.80.37.15.70<\/a><\/p>\n<p>[\/vc_column_text][vc_btn title=&#8221;Envoyer un e-mail&#8221; style=&#8221;flat&#8221; shape=&#8221;round&#8221; color=&#8221;turquoiserives&#8221; align=&#8221;center&#8221; link=&#8221;url:mailto%3Acontact%40saone-tourisme.fr&#8221;][\/vc_column_inner][vc_column_inner width=&#8221;1\/5&#8243;][vc_column_text]<\/p>\n<p style=\"text-align: center;\">T\u00e9l. <a href=\"tel:0380203105\">03.80.20.31.05<\/a><\/p>\n<p>[\/vc_column_text][vc_btn title=&#8221;Envoyer un e-mail&#8221; style=&#8221;flat&#8221; shape=&#8221;round&#8221; color=&#8221;turquoiserives&#8221; align=&#8221;center&#8221; link=&#8221;url:mailto%3Acapitainerie.seurre%40rivesdesaone.fr&#8221;][\/vc_column_inner][vc_column_inner width=&#8221;1\/5&#8243;][vc_column_text]<\/p>\n<p style=\"text-align: center;\">T\u00e9l. <a href=\"tel:0699693786\">06.99.69.37.86<\/a><\/p>\n<p>[\/vc_column_text][vc_btn title=&#8221;Envoyer un e-mail&#8221; style=&#8221;flat&#8221; shape=&#8221;round&#8221; color=&#8221;turquoiserives&#8221; align=&#8221;center&#8221; link=&#8221;url:mailto%3Averonique.giraud%40rivesdesaone.fr&#8221;][\/vc_column_inner][vc_column_inner width=&#8221;1\/5&#8243;][vc_column_text]<\/p>\n<p style=\"text-align: center;\">T\u00e9l. <a href=\"tel:0380204854\">03.80.20.48.54<\/a><\/p>\n<p>[\/vc_column_text][vc_btn title=&#8221;Envoyer un e-mail&#8221; style=&#8221;flat&#8221; shape=&#8221;round&#8221; color=&#8221;turquoiserives&#8221; align=&#8221;center&#8221; link=&#8221;url:mailto%3Atatiana.petitjean%40rivesdesaone.fr&#8221;][\/vc_column_inner][\/vc_row_inner][\/vc_column][\/vc_row][vc_row][vc_column][vc_empty_space height=&#8221;30px&#8221;][\/vc_column][\/vc_row][vc_row][vc_column][vc_column_text]<\/p>\n<h4>\u201cAccueil V\u00e9lo\u201d label<\/h4>\n<p>Accueil V\u00e9lo\u201d is a French national label awarded to professionals who offer a top-quality welcome and services adapted to the needs of cycling tourists travelling through the region.<\/p>\n<p>&nbsp;<\/p>\n<p>The &#8220;Voie Bleue Moselle-Sa\u00f4ne \u00e0 V\u00e9lo\u201d and \u201cEuroV\u00e9lo 6\u201d cycle routes cross through Rives de Sa\u00f4ne. To guarantee a personalised welcome for cycling tourists, we offer facilities adapted to cyclists (cycle rack, repair kit, access to sanitary facilities and drinking water, etc.), as well as practical and up-to-date information about the cycle routes through our region. To make it easier for you to get around, we make electrical connections available to recharge your batteries (bicycle, smartphone, etc.), 2-day weather forecasts.<br \/>\nIn Seurre, you can wash and dry your laundry (service requires a fee).<\/p>\n<p>Even when we are closed, we think of you and there will be a sign in our window with all the details of accommodation services in a 10-kilometre radius, repair companies and practical information about public transport and taxis.[\/vc_column_text][\/vc_column][\/vc_row]<\/p>\n<\/div>","protected":false},"excerpt":{"rendered":"<p>[vc_row el_class=&#8221;chapeau&#8221; css=&#8221;.vc_custom_1592834166321{background-color: #0a9a9b !important;}&#8221;][vc_column][vc_column_text] MAKE YOURSELVES AT HOME, WE\u2019LL TAKE GOOD CARE OF YOU \u263a [\/vc_column_text][\/vc_column][\/vc_row][vc_row][vc_column width=&#8221;1\/2&#8243;][vc_single_image image=&#8221;5593&#8243; img_size=&#8221;500&#215;250&#8243; alignment=&#8221;center&#8221;][\/vc_column][vc_column width=&#8221;1\/2&#8243;][vc_single_image image=&#8221;648&#8243; img_size=&#8221;500&#215;250&#8243; alignment=&#8221;center&#8221;][\/vc_column][\/vc_row][vc_row][vc_column][vc_column_text] Pr\u00e9sentation The Tourist Office is managed by an Operations Council made up of elected officials and professionals from the tourism industry. They intervene across the 38 towns of the Rives [&hellip;]<\/p>\n","protected":false},"author":2,"featured_media":0,"parent":20354,"menu_order":410,"comment_status":"closed","ping_status":"closed","template":"","meta":{"_acf_changed":false,"footnotes":""},"class_list":["post-20355","page","type-page","status-publish","hentry"],"acf":[],"_links":{"self":[{"href":"https:\/\/www.saone-tourisme.fr\/en\/wp-json\/wp\/v2\/pages\/20355","targetHints":{"allow":["GET"]}}],"collection":[{"href":"https:\/\/www.saone-tourisme.fr\/en\/wp-json\/wp\/v2\/pages"}],"about":[{"href":"https:\/\/www.saone-tourisme.fr\/en\/wp-json\/wp\/v2\/types\/page"}],"author":[{"embeddable":true,"href":"https:\/\/www.saone-tourisme.fr\/en\/wp-json\/wp\/v2\/users\/2"}],"replies":[{"embeddable":true,"href":"https:\/\/www.saone-tourisme.fr\/en\/wp-json\/wp\/v2\/comments?post=20355"}],"version-history":[{"count":2,"href":"https:\/\/www.saone-tourisme.fr\/en\/wp-json\/wp\/v2\/pages\/20355\/revisions"}],"predecessor-version":[{"id":20361,"href":"https:\/\/www.saone-tourisme.fr\/en\/wp-json\/wp\/v2\/pages\/20355\/revisions\/20361"}],"up":[{"embeddable":true,"href":"https:\/\/www.saone-tourisme.fr\/en\/wp-json\/wp\/v2\/pages\/20354"}],"wp:attachment":[{"href":"https:\/\/www.saone-tourisme.fr\/en\/wp-json\/wp\/v2\/media?parent=20355"}],"curies":[{"name":"wp","href":"https:\/\/api.w.org\/{rel}","templated":true}]}}