{"id":20357,"date":"2020-06-22T17:40:44","date_gmt":"2020-06-22T15:40:44","guid":{"rendered":"https:\/\/www.saone-tourisme.fr\/infos-pratiques\/comment-venir\/"},"modified":"2021-12-23T09:33:39","modified_gmt":"2021-12-23T08:33:39","slug":"how-to-get-here","status":"publish","type":"page","link":"https:\/\/www.saone-tourisme.fr\/en\/practical-information\/how-to-get-here\/","title":{"rendered":"How to get here?"},"content":{"rendered":"<div class=\"wpb-content-wrapper\"><p>[vc_row el_class=&#8221;chapeau&#8221; css=&#8221;.vc_custom_1592834166321{background-color: #0a9a9b !important;}&#8221;][vc_column][vc_column_text]<\/p>\n<h1 style=\"text-align: center;\">ALL ROUTES LEAD TO THE RIVES DE SA\u00d4NE<\/h1>\n<p>[\/vc_column_text][\/vc_column][\/vc_row][vc_row][vc_column][vc_column_text]The territory of the Rives de Sa\u00f4ne Tourist Office is at the heart of Burgundy, in the ideal central location to explore the whole region via the French departments of C\u00f4te d\u2019Or and Sa\u00f4ne et Loire, as well as Franche-Comt\u00e9 and the Jura.<\/p>\n<p>Less than an hour away from the unmissable towns of Dijon, Beaune, Dole and Chalon-sur-Sa\u00f4ne and half an hour away from the legendary C\u00f4tes de Beaune and C\u00f4tes de Nuits vineyards, come and stop off in our region, by car or by bicycle.<\/p>\n<p>Whether you\u2019re coming from the Netherlands, Belgium or from anywhere in France, all routes lead to Rives de Sa\u00f4ne![\/vc_column_text][\/vc_column][\/vc_row][vc_row][vc_column][vc_column_text]<\/p>\n<h4>By car<\/h4>\n<p>A36 motorway, exit N\u00b01 &#8211; Seurre<\/p>\n<p>&nbsp;<\/p>\n<h4>By train<\/h4>\n<p>SNCF Train Station in Brazey-en-Plaine, Saint-Jean-de-Losne, Chaugey, Pagny and Seurre. For more information call 36 35 (\u20ac0.34\/min) from France or go to <a href=\"https:\/\/www.sncf.com\/fr\/offres-voyageurs\/voyager-en-train\/ter\" target=\"_blank\" rel=\"noopener\">www.ter.sncf.com<\/a>.<\/p>\n<p>&nbsp;<\/p>\n<h4>By bicycle<\/h4>\n<p>By cycling along the &#8220;<a href=\"https:\/\/en.lavoiebleue.com\/\" target=\"_blank\" rel=\"noopener\">Voie Bleue, Moselle-Sa\u00f4ne \u00e0 V\u00e9lo\u00ae<\/a>\u201d from Chalon-sur-Sa\u00f4ne or the<a href=\"https:\/\/en.francevelotourisme.com\/cycle-route\/eurovelo-6-cycle-route-of-the-rivers\/dole-st-jean-de-losne\" target=\"_blank\" rel=\"noopener\"> EuroV\u00e9lo 6<\/a> from Dole.<\/p>\n<p>&nbsp;<\/p>\n<h4>By boat<\/h4>\n<p>By sailing along the Sa\u00f4ne (Lyon, Chalon-sur-Sa\u00f4ne), along the Canal de Bourgogne (Dijon), or the Canal du Rh\u00f4ne au Rhin (Dole and Saint-Symphorien-sur-Sa\u00f4ne). Plan your trip on the &#8220;<a href=\"http:\/\/www.vnf.fr\/calculitinerairefluvial\/app\/Main.html\" target=\"_blank\" rel=\"noopener\">Voies Navigables de France<\/a>\u201d (Waterways of France) website.<\/p>\n<p>&nbsp;<\/p>\n<h4>By plane<\/h4>\n<p>Dole-Tavaux Airport is 35 kilometres away from Seurre and 21 kilometres from Saint-Jean-de-Losne.[\/vc_column_text][\/vc_column][\/vc_row]<\/p>\n<\/div>","protected":false},"excerpt":{"rendered":"<p>[vc_row el_class=&#8221;chapeau&#8221; css=&#8221;.vc_custom_1592834166321{background-color: #0a9a9b !important;}&#8221;][vc_column][vc_column_text] ALL ROUTES LEAD TO THE RIVES DE SA\u00d4NE [\/vc_column_text][\/vc_column][\/vc_row][vc_row][vc_column][vc_column_text]The territory of the Rives de Sa\u00f4ne Tourist Office is at the heart of Burgundy, in the ideal central location to explore the whole region via the French departments of C\u00f4te d\u2019Or and Sa\u00f4ne et Loire, as well as Franche-Comt\u00e9 and the [&hellip;]<\/p>\n","protected":false},"author":2,"featured_media":0,"parent":20354,"menu_order":450,"comment_status":"closed","ping_status":"closed","template":"","meta":{"_acf_changed":false,"footnotes":""},"class_list":["post-20357","page","type-page","status-publish","hentry"],"acf":[],"_links":{"self":[{"href":"https:\/\/www.saone-tourisme.fr\/en\/wp-json\/wp\/v2\/pages\/20357","targetHints":{"allow":["GET"]}}],"collection":[{"href":"https:\/\/www.saone-tourisme.fr\/en\/wp-json\/wp\/v2\/pages"}],"about":[{"href":"https:\/\/www.saone-tourisme.fr\/en\/wp-json\/wp\/v2\/types\/page"}],"author":[{"embeddable":true,"href":"https:\/\/www.saone-tourisme.fr\/en\/wp-json\/wp\/v2\/users\/2"}],"replies":[{"embeddable":true,"href":"https:\/\/www.saone-tourisme.fr\/en\/wp-json\/wp\/v2\/comments?post=20357"}],"version-history":[{"count":2,"href":"https:\/\/www.saone-tourisme.fr\/en\/wp-json\/wp\/v2\/pages\/20357\/revisions"}],"predecessor-version":[{"id":20364,"href":"https:\/\/www.saone-tourisme.fr\/en\/wp-json\/wp\/v2\/pages\/20357\/revisions\/20364"}],"up":[{"embeddable":true,"href":"https:\/\/www.saone-tourisme.fr\/en\/wp-json\/wp\/v2\/pages\/20354"}],"wp:attachment":[{"href":"https:\/\/www.saone-tourisme.fr\/en\/wp-json\/wp\/v2\/media?parent=20357"}],"curies":[{"name":"wp","href":"https:\/\/api.w.org\/{rel}","templated":true}]}}