{"id":4404,"date":"2020-06-22T14:49:12","date_gmt":"2020-06-22T12:49:12","guid":{"rendered":"https:\/\/www.saone-tourisme.fr\/i-prepare\/en-famille\/"},"modified":"2021-04-13T13:49:28","modified_gmt":"2021-04-13T11:49:28","slug":"as-a-family","status":"publish","type":"page","link":"https:\/\/www.saone-tourisme.fr\/en\/plan-my-trip\/as-a-family\/","title":{"rendered":"As a family"},"content":{"rendered":"<div class=\"wpb-content-wrapper\"><p>[vc_row el_class=&#8221;chapeau bloc-vert&#8221; css=&#8221;.vc_custom_1596098401530{background-color: #0a9a9b !important;}&#8221;][vc_column][vc_column_text]<\/p>\n<h1 style=\"text-align: center;\">FOR SOME GREAT FAMILY FUN<\/h1>\n<h2 class=\"chapeau\" style=\"text-align: center;\">Even if holidays are all about recharging your batteries, you need more than just a lie in and relaxation. That is why we have selected a whole host of activities for you, for some great family fun: From a simple challenge to a treasure hunt, or a spot of exercise, there\u2019s something to suit everyone \u263a.<\/h2>\n<p>[\/vc_column_text][\/vc_column][\/vc_row][vc_row el_class=&#8221;landingitem&#8221;][vc_column width=&#8221;2\/5&#8243;][vc_column_text]<\/p>\n<h3><strong>THE HEADLINES<\/strong><\/h3>\n<h4>Let\u2019s get those brain cells working<\/h4>\n<p><em>An investigation game at the heart of a village in the Val de Sa\u00f4ne<\/em><\/p>\n<p>Unveil the secrets by following the clues dotted all around the Etang-Rouge open-air museum (Seurre). Observe the heritage sites, use the kit to help you in your investigation.[\/vc_column_text][vc_btn title=&#8221;Learn more about &#8230;&#8221; style=&#8221;flat&#8221; shape=&#8221;round&#8221; color=&#8221;turquoiserives&#8221; align=&#8221;center&#8221; link=&#8221;url:http%3A%2F%2Fsaone-tourisme.fr%2Fje-suis-sur-place%2Factivites-culturelles%2Fsites-et-musees%2Fetang-rouge%2Fenquete-game%2F|title:Enqu%C3%AAte%20game||&#8221;][\/vc_column][vc_column width=&#8221;3\/5&#8243;][vc_row_inner][vc_column_inner width=&#8221;1\/2&#8243;][vc_single_image image=&#8221;2607&#8243; img_size=&#8221;400 x 250&#8243;][\/vc_column_inner][vc_column_inner width=&#8221;1\/2&#8243;][vc_single_image image=&#8221;212&#8243; img_size=&#8221;400&#215;250&#8243;][\/vc_column_inner][\/vc_row_inner][\/vc_column][\/vc_row][vc_row][vc_column][vc_zigzag color=&#8221;turquoise&#8221;][\/vc_column][\/vc_row][vc_row el_class=&#8221;landingitem&#8221;][vc_column width=&#8221;3\/5&#8243;][vc_single_image image=&#8221;767&#8243; img_size=&#8221;800&#215;250&#8243;][\/vc_column][vc_column width=&#8221;2\/5&#8243;][vc_column_text]<\/p>\n<h4>Flex those muscles<\/h4>\n<p><em>The &#8220;\u00c9coPagayeurs\u201d trail in Saint-Jean-de-Losne<\/em><\/p>\n<p>Explore the town on the Sa\u00f4ne side in a fun way. Drift along in a canoe or kayak in complete safety, along the trails that are accessible to anyone, as long as you can swim.<\/p>\n<p>&gt; Base du pays Losnais \u00e0 Saint-Jean-de-Losne &#8211; T\u00e9l. <a href=\"tel:33380779278\">+33 (0)3.80.77.92.78<\/a>[\/vc_column_text][vc_btn title=&#8221;Learn more about &#8230;&#8221; style=&#8221;flat&#8221; shape=&#8221;round&#8221; color=&#8221;turquoiserives&#8221; align=&#8221;center&#8221; link=&#8221;url:http%3A%2F%2Fsaone-tourisme.fr%2Fje-suis-sur-place%2Factivites-nautiques%2Fparcours-ecopagayeurs%2F|title:Parcours%20EcoPagayeurs||&#8221;][\/vc_column][\/vc_row][vc_row][vc_column][vc_zigzag color=&#8221;turquoise&#8221;][\/vc_column][\/vc_row][vc_row][vc_column width=&#8221;1\/2&#8243;][vc_column_text]<\/p>\n<h4>Step into a sailor&#8217;s shoes for a day.<\/h4>\n<p><em>Electric boat rental in Saint-Jean-de-Losne<\/em><\/p>\n<p>Try your hand at being captain of the boat for a few hours along the Sa\u00f4ne, and race the swans and ducks.<\/p>\n<p>&gt; Station avitailleur (Boat refuelling station) in Saint-Jean-de-Losne &#8211; T\u00e9l. <a href=\"tel:33380290962\">+33 (0)3.80.29.09.62<\/a>[\/vc_column_text][vc_btn title=&#8221;Learn more about &#8230;&#8221; style=&#8221;flat&#8221; shape=&#8221;round&#8221; color=&#8221;turquoiserives&#8221; align=&#8221;center&#8221; link=&#8221;url:http%3A%2F%2Fsaone-tourisme.fr%2Fje-suis-sur-place%2Factivites-nautiques%2Flocation-de-bateaux%2Flocation-de-barques-electriques%2F|title:Location%20de%20barques%20%C3%A9lectriques||&#8221;][\/vc_column][vc_column width=&#8221;1\/2&#8243;][vc_row_inner][vc_column_inner width=&#8221;1\/2&#8243;][vc_single_image image=&#8221;206&#8243; img_size=&#8221;400&#215;250&#8243;][\/vc_column_inner][vc_column_inner width=&#8221;1\/2&#8243;][vc_single_image image=&#8221;207&#8243; img_size=&#8221;400&#215;250&#8243;][\/vc_column_inner][\/vc_row_inner][\/vc_column][\/vc_row][vc_row][vc_column][vc_zigzag color=&#8221;turquoise&#8221;][\/vc_column][\/vc_row][vc_row el_class=&#8221;landingitem&#8221;][vc_column width=&#8221;3\/5&#8243;][vc_row_inner][vc_column_inner width=&#8221;1\/2&#8243;][vc_single_image image=&#8221;200&#8243; img_size=&#8221;400&#215;250&#8243; alignment=&#8221;center&#8221; onclick=&#8221;link_image&#8221;][\/vc_column_inner][vc_column_inner width=&#8221;1\/2&#8243;][vc_single_image image=&#8221;214&#8243; img_size=&#8221;400&#215;250&#8243;][\/vc_column_inner][\/vc_row_inner][\/vc_column][vc_column width=&#8221;2\/5&#8243;][vc_column_text]<\/p>\n<h4>Get a breath of fresh air<\/h4>\n<p><em>Walk through the forest in Magny-les-Aubigny<\/em><\/p>\n<p>Experience the joys of smelling and touching everything around you, on your walk. Identify the various plants, guess which birds you can hear singing&#8230;[\/vc_column_text][vc_btn title=&#8221;Learn more about &#8230;&#8221; style=&#8221;flat&#8221; shape=&#8221;round&#8221; color=&#8221;turquoiserives&#8221; align=&#8221;center&#8221; link=&#8221;url:http%3A%2F%2Fsaone-tourisme.fr%2Fpeche-a-la-ligne%2F|title:Promenons-nous%20dans%20les%20bois||&#8221;][\/vc_column][\/vc_row][vc_row][vc_column][vc_zigzag color=&#8221;turquoise&#8221;][\/vc_column][\/vc_row][vc_row][vc_column width=&#8221;1\/2&#8243;][vc_column_text]<\/p>\n<h4>Laze in the sun all day long<\/h4>\n<p><em>Domaine du Lac de Chour in Franxault<\/em><\/p>\n<p>Get away from it all on this 38-hectare lake surrounded by grassy shores, stony and sandy beaches, the ideal place for families.<\/p>\n<p>&gt; Domaine du Lac de Chour in Franxault &#8211; Tel. <a href=\"tel:33622680672\">+33 (0)6.22.68.06.72<\/a>[\/vc_column_text][\/vc_column][vc_column width=&#8221;1\/2&#8243;][vc_row_inner][vc_column_inner width=&#8221;1\/2&#8243;][vc_single_image image=&#8221;190&#8243; img_size=&#8221;400&#215;250&#8243; onclick=&#8221;link_image&#8221;][\/vc_column_inner][vc_column_inner width=&#8221;1\/2&#8243;][vc_single_image image=&#8221;191&#8243; img_size=&#8221;400&#215;250&#8243;][\/vc_column_inner][\/vc_row_inner][\/vc_column][\/vc_row][vc_row][vc_column][vc_zigzag color=&#8221;turquoise&#8221;][\/vc_column][\/vc_row][vc_row el_class=&#8221;landingitem&#8221;][vc_column width=&#8221;3\/5&#8243;][vc_row_inner][vc_column_inner width=&#8221;1\/2&#8243;][vc_single_image image=&#8221;197&#8243; img_size=&#8221;400&#215;250&#8243; alignment=&#8221;center&#8221; onclick=&#8221;link_image&#8221;][\/vc_column_inner][vc_column_inner width=&#8221;1\/2&#8243;][vc_single_image image=&#8221;196&#8243; img_size=&#8221;400&#215;250&#8243;][\/vc_column_inner][\/vc_row_inner][\/vc_column][vc_column width=&#8221;2\/5&#8243;][vc_column_text]<\/p>\n<h4>Journey into the past<\/h4>\n<p><em>\u201cBalade des mariniers\u201d in Saint-Jean-de-Losne<\/em><\/p>\n<p>Take advantage of the fact that your children always have a smartphone in their hands, to take them on a trip into the life of sailors.<\/p>\n<p>&gt; Rives de Sa\u00f4ne Tourist Office in Saint-Jean-de-Losne[\/vc_column_text][\/vc_column][\/vc_row][vc_row][vc_column][vc_zigzag color=&#8221;turquoise&#8221;][\/vc_column][\/vc_row][vc_row][vc_column width=&#8221;1\/2&#8243;][vc_column_text]<\/p>\n<h4>Make some new memories<\/h4>\n<p><em>Photo frame in Rives de Sa\u00f4ne<\/em><\/p>\n<p>Come on, let\u2019s frame those smiles! Along with your children, come and pick up a photo frame from one of our tourist information centres, and let your imagination run wild. Don\u2019t hesitate to share your photos on social media with the hashtag #RivesdeSaone. We will repost the best ones.<\/p>\n<p>&gt; Rives de Sa\u00f4ne Tourist Office in Saint-Jean-de-Losne &#8211; 2 rue de la Libert\u00e9 \u00e0 Saint-Jean-de-Losne<br \/>\n&gt; Rives de Sa\u00f4ne Tourist Office in Seurre &#8211; Rue de la perche \u00e0 l&#8217;oiseau \u00e0 Seurre[\/vc_column_text][\/vc_column][vc_column width=&#8221;1\/2&#8243;][vc_row_inner][vc_column_inner width=&#8221;1\/2&#8243;][vc_single_image image=&#8221;2612&#8243; img_size=&#8221;400&#215;300&#8243;][\/vc_column_inner][vc_column_inner width=&#8221;1\/2&#8243;][vc_single_image image=&#8221;2614&#8243; img_size=&#8221;400&#215;300&#8243;][\/vc_column_inner][\/vc_row_inner][\/vc_column][\/vc_row][vc_row][vc_column][vc_single_image image=&#8221;5304&#8243; img_size=&#8221;1824 x 288&#8243;][\/vc_column][\/vc_row]<\/p>\n<\/div>","protected":false},"excerpt":{"rendered":"<p>[vc_row el_class=&#8221;chapeau bloc-vert&#8221; css=&#8221;.vc_custom_1596098401530{background-color: #0a9a9b !important;}&#8221;][vc_column][vc_column_text] FOR SOME GREAT FAMILY FUN Even if holidays are all about recharging your batteries, you need more than just a lie in and relaxation. That is why we have selected a whole host of activities for you, for some great family fun: From a simple challenge to a treasure [&hellip;]<\/p>\n","protected":false},"author":2,"featured_media":4406,"parent":4397,"menu_order":110,"comment_status":"closed","ping_status":"closed","template":"","meta":{"_acf_changed":false,"footnotes":""},"class_list":["post-4404","page","type-page","status-publish","has-post-thumbnail","hentry"],"acf":[],"_links":{"self":[{"href":"https:\/\/www.saone-tourisme.fr\/en\/wp-json\/wp\/v2\/pages\/4404","targetHints":{"allow":["GET"]}}],"collection":[{"href":"https:\/\/www.saone-tourisme.fr\/en\/wp-json\/wp\/v2\/pages"}],"about":[{"href":"https:\/\/www.saone-tourisme.fr\/en\/wp-json\/wp\/v2\/types\/page"}],"author":[{"embeddable":true,"href":"https:\/\/www.saone-tourisme.fr\/en\/wp-json\/wp\/v2\/users\/2"}],"replies":[{"embeddable":true,"href":"https:\/\/www.saone-tourisme.fr\/en\/wp-json\/wp\/v2\/comments?post=4404"}],"version-history":[{"count":5,"href":"https:\/\/www.saone-tourisme.fr\/en\/wp-json\/wp\/v2\/pages\/4404\/revisions"}],"predecessor-version":[{"id":5308,"href":"https:\/\/www.saone-tourisme.fr\/en\/wp-json\/wp\/v2\/pages\/4404\/revisions\/5308"}],"up":[{"embeddable":true,"href":"https:\/\/www.saone-tourisme.fr\/en\/wp-json\/wp\/v2\/pages\/4397"}],"wp:featuredmedia":[{"embeddable":true,"href":"https:\/\/www.saone-tourisme.fr\/en\/wp-json\/wp\/v2\/media\/4406"}],"wp:attachment":[{"href":"https:\/\/www.saone-tourisme.fr\/en\/wp-json\/wp\/v2\/media?parent=4404"}],"curies":[{"name":"wp","href":"https:\/\/api.w.org\/{rel}","templated":true}]}}