{"id":5298,"date":"2020-06-22T14:58:01","date_gmt":"2020-06-22T12:58:01","guid":{"rendered":"https:\/\/www.saone-tourisme.fr\/plan-my-trip\/a-velo\/"},"modified":"2021-04-13T13:53:38","modified_gmt":"2021-04-13T11:53:38","slug":"by-bicycle","status":"publish","type":"page","link":"https:\/\/www.saone-tourisme.fr\/en\/plan-my-trip\/by-bicycle\/","title":{"rendered":"By bicycle"},"content":{"rendered":"<div class=\"wpb-content-wrapper\"><p>[vc_row css=&#8221;.vc_custom_1593704849534{background-color: #0a9a9b !important;}&#8221; el_class=&#8221;chapeau&#8221;][vc_column][vc_column_text]<\/p>\n<h1 style=\"text-align: center;\">DON\u2019T FORGET TO LOOK AROUND<\/h1>\n<h2 class=\"chapeau\" style=\"text-align: center;\">In this destination with so many transport options, cycling and sailing are both as accessible as one another, to switch from dry land to the water.<br \/>\nWhether you are a seasoned cycling tourist or just enjoy the occasional ride, enjoy our safe routes (on flat ground!) along the river Sa\u00f4ne, or across the narrow streets of our villages. In total, you have access to more than 20 kilometres of marked routes for weekends or a holiday in the Val de Sa\u00f4ne.<\/h2>\n<p>[\/vc_column_text][\/vc_column][\/vc_row][vc_row][vc_column][vc_column_text]Our cycle paths are adapted for bike rides, they are safe and clearly marked out in both directions. Along the \u201cVoie Bleue\u201d cycle path, you may run into walkers, people with reduced mobility and rollerskaters. Remember to use your bell when you arrive behind another group.[\/vc_column_text][\/vc_column][\/vc_row][vc_row][vc_column][vc_single_image image=&#8221;2069&#8243; img_size=&#8221;1500&#215;600&#8243; alignment=&#8221;center&#8221;][\/vc_column][\/vc_row][vc_row][vc_column][vc_column_text]Two major cycle routes join up in Saint-Jean-de-Losne, along the river:<\/p>\n<ul>\n<li><strong><a href=\"https:\/\/www.francevelotourisme.com\/itineraire\/eurovelo-6-bale-nevers\" target=\"_blank\" rel=\"noopener noreferrer\">Eurov\u00e9lo 6<\/a>,<\/strong> a shared route with some sections reserved for eco-friendly means of transport, connecting the Rhine to the Atlantic. Also known as the \u201cRivers Route\u201d, you can join onto this path in Saint-Symphorien, and then it merges with the V50 when you reach the Sa\u00f4ne..<\/li>\n<li><a href=\"https:\/\/www.lavoiebleue.com\/\" target=\"_blank\" rel=\"noopener noreferrer\"><strong>The \u201cVoie Bleue Moselle-Sa\u00f4ne \u00e0 V\u00e9lo\u00ae\u201d<\/strong><\/a> (V50) crosses the French department of C\u00f4te d\u2019Or alongside the Sa\u00f4ne. Some of this cycling route is reserved for non-motorised vehicles, some is on small country roads. It runs from the border with Luxembourg to Lyon, through some charming villages along the way.<\/li>\n<\/ul>\n<p>[\/vc_column_text][vc_row_inner][vc_column_inner width=&#8221;1\/3&#8243;][vc_btn title=&#8221;Section Auxonne &gt; St-Jean-de-Losne (26 km)&#8221; style=&#8221;flat&#8221; shape=&#8221;round&#8221; color=&#8221;turquoiserives&#8221; align=&#8221;center&#8221; link=&#8221;url:https%3A%2F%2Fwww.lavoiebleue.com%2Fitineraire%2Fauxonne-saint-jean-de-losne||target:%20_blank|&#8221;][\/vc_column_inner][vc_column_inner width=&#8221;1\/3&#8243;][vc_btn title=&#8221;Section Saint-Jean-de-Losne &gt; Seurre (24 km)&#8221; style=&#8221;flat&#8221; shape=&#8221;round&#8221; color=&#8221;turquoiserives&#8221; align=&#8221;center&#8221; link=&#8221;url:https%3A%2F%2Fwww.lavoiebleue.com%2Fitineraire%2Fsaint-jean-de-losne-seurre||target:%20_blank|&#8221;][\/vc_column_inner][vc_column_inner width=&#8221;1\/3&#8243;][vc_btn title=&#8221;Section Seurre &gt; Verdun-sur-le-Doubs (18 km)&#8221; style=&#8221;flat&#8221; shape=&#8221;round&#8221; color=&#8221;turquoiserives&#8221; link=&#8221;url:https%3A%2F%2Fwww.lavoiebleue.com%2Fitineraire%2Fseurre-verdun-sur-le-doubs||target:%20_blank|&#8221;][\/vc_column_inner][\/vc_row_inner][\/vc_column][\/vc_row][vc_row][vc_column][vc_column_text]<\/p>\n<h4 class=\"chapeau\">Useful info<\/h4>\n<p>From Auxonne, you can reach the banks of the Sa\u00f4ne near Saint-Jean-de-Losne via the Canal du Rh\u00f4ne au Rhin.\u00a0 In Losne (along a dried-up branch of the river), there is a section over the cobblestones for around 200 metres. The route then runs along the towpaths, for a safe section all the way to Pagny-la-Ville. Once you arrive in Pagny-la-Ville, follow the Sa\u00f4ne and follow the arrows along the little roads. You\u2019ll cross the towns of Lech\u00e2telet, Labruy\u00e8re, Chamblanc and then arrive in Seurre where you will cycle along the banks of the Sa\u00f4ne until you reach Verdun-sur-le-Doubs.<\/p>\n<p>&nbsp;<\/p>\n<h4>Practical info<\/h4>\n<p>Drinking water is available in the towns of Saint-Jean-de-Losne and Seurre (Tourist Office) and you can buy some provisions in Saint-Jean-de-Losne, Pagny-le-Ch\u00e2teau (2 km from Pagny-la-Ville), Seurre and Verdun-sur-le-Doubs.[\/vc_column_text][\/vc_column][\/vc_row][vc_row][vc_column][vc_column_text]For any assistance while you\u2019re cycling in Rives de Sa\u00f4ne, stop by to see our <strong>&#8220;Accueil V\u00e9lo\u201d<\/strong> professionals.<br \/>\nSome companies, located near the \u201cVoie Bleue\u201d, have decided to provide special facilities to be able to welcome cycling tourists as best as possible. They can be recognised thanks to the symbol of the French \u201cAccueil V\u00e9lo\u201d label.[\/vc_column_text][\/vc_column][\/vc_row][vc_row][vc_column width=&#8221;1\/4&#8243;][vc_empty_space height=&#8221;80px&#8221;][vc_single_image image=&#8221;2093&#8243; img_size=&#8221;223 x 300&#8243;][\/vc_column][vc_column width=&#8221;3\/4&#8243;][vc_column_text]Each professional has had to adhere to a specific charter for each activity, so you are guaranteed the best possible welcome, and services adapted for tourists coming by bicycle. You\u2019ll find practical information, itineraries, weather forecasts and so much more.<\/p>\n<p><strong>The two Rives de Sa\u00f4ne Tourist Information Offices<\/strong> can offer you a place to park your bike, drinking water and sanitary facilities, itineraries especially adapted for cycling (free-of-charge), and a repair kit for any little problems you might encounter. We can give you advice about any difficulties you might experience along the way, where you can stop for breaks, and activities you can take part in by bicycle. We have a charging station for any electrical equipment you may have (electric bike battery, GPS, smartphone, etc.) and free Wi-Fi.<\/p>\n<p>There are two other \u201cAccueil V\u00e9lo\u201d establishments across this region:<\/p>\n<ul>\n<li><a href=\"https:\/\/www.demeuredelilerollet.com\/\" target=\"_blank\" rel=\"noopener noreferrer\"><strong>The guesthouse La Demeure de l\u2019ile Rollet<\/strong><\/a> in Saint-Jean-de-Losne can provide you with information about the itineraries and personalised advice, as well as wash and dry your clothes for you. You can store and wash your bikes here<\/li>\n<li>The <a href=\"https:\/\/www.campingdelaplage-seurre.fr\/\" target=\"_blank\" rel=\"noopener noreferrer\"><strong>Camping de la Plage<\/strong><\/a> in Seurre, on the banks of the Sa\u00f4ne, cross the bridge over the river and enjoy a free drink (hot or cold) upon arrival. There\u2019s a relaxation area available, with Wi-Fi access. A local shopkeeper from Seurre can come to the campsite as quickly as possible for any necessary repairs. A local company can take your luggage to your next place of accommodation.<\/li>\n<\/ul>\n<p>Find out about other \u201cAccueil V\u00e9lo\u201d professionals on the <a href=\"https:\/\/www.francevelotourisme.com\/itineraire\" target=\"_blank\" rel=\"noopener noreferrer\">France V\u00e9lo Tourisme website<\/a>.[\/vc_column_text][\/vc_column][\/vc_row][vc_row][vc_column width=&#8221;1\/3&#8243;][vc_single_image image=&#8221;2087&#8243; img_size=&#8221;500&#215;250&#8243; alignment=&#8221;center&#8221;][\/vc_column][vc_column width=&#8221;1\/3&#8243;][vc_single_image image=&#8221;2085&#8243; img_size=&#8221;500&#215;250&#8243; alignment=&#8221;center&#8221;][\/vc_column][vc_column width=&#8221;1\/3&#8243;][vc_single_image image=&#8221;2089&#8243; img_size=&#8221;500&#215;250&#8243;][\/vc_column][\/vc_row][vc_row][vc_column][vc_column_text]<\/p>\n<h4>Are you in need of a repair?<\/h4>\n<p>In Rives de Sa\u00f4ne, there is always a professional on-hand to repair your bike:<\/p>\n<ul>\n<li><strong>Cycles Serge Minet in Seurre<\/strong>: 35 rue de la r\u00e9publique \u2013 Tel. +<a href=\"tel:+33380211073\">33 (0)3.80.21.10.73<\/a>.Open from Tuesday to Saturday, from 9:30am to 12pm and 2pm to 6pm.<\/li>\n<\/ul>\n<p>&nbsp;<\/p>\n<h4>Do you need to hire a bike?<\/h4>\n<p>If you feel like going for a bike ride, you can hire a bike at the<\/p>\n<ul>\n<li><strong><a href=\"https:\/\/www.saone-tourisme.fr\/points-daccueil\/\">Tourist Information Office<\/a> <\/strong>in Saint-Jean-de-Losne. The Tourist Office can provide you with a child\u2019s, men\u2019s or women\u2019s mountain bike, and they also have one with a baby seat and a trailer. To hire from \u20ac5 per hour.<\/li>\n<li><strong><a href=\"https:\/\/www.saone-tourisme.fr\/hebergements\/camping-de-la-plage-de-seurre\/\" target=\"_blank\" rel=\"noopener noreferrer\">Camping de la Plage<\/a> <\/strong>in Seurre can provide mountain bikes for children, men and women.<\/li>\n<\/ul>\n<p>&nbsp;<\/p>\n<h4>Do you need transport?<\/h4>\n<p>Take one of our taxis to explore the treasures of the Bourgogne-Franche-Comt\u00e9 region, or to take your luggage to your next stop for you.<\/p>\n<ul>\n<li>Taxi Rives de Sa\u00f4ne \u2013 Chamblanc \u2013 Tel. <a href=\"tel:33380203702\">+33 (0)3.80.20.37.02<\/a><\/li>\n<li>Taxi Moullet \u2013 Saint-Jean-de-Losne \u2013 Tel. <a href=\"tel:33380290833\">+33 (0)3.80.29.08.33<\/a><\/li>\n<li>BMT Taxi \u2013 Seurre \u2013 Tel. <a href=\"tel:33625456734\">+33 (0)6.25.45.67.34<\/a><\/li>\n<li>Franck Rebelo \u2013 Genlis \u2013 Tel. <a href=\"tel:336346662\">+33 (0)6.34.64.66.62<\/a><\/li>\n<li style=\"list-style-type: none;\"><\/li>\n<\/ul>\n<p>[\/vc_column_text][\/vc_column][\/vc_row][vc_row][vc_column width=&#8221;1\/2&#8243;][vc_column_text]There is a train line in Rives de Sa\u00f4ne so you can get to Dijon or Bourg-en-Bresse. Trains stop at the following stations in our local area:\u00a0 Brazey-en-Plaine, Saint-Jean-de-Losne, Chaugey, Pagny (Pagny-le-Ch\u00e2teau), Seurre.<br \/>\nThe regional trains (TER) accept bicycles, free-of-charge and with no special conditions, as long as the space is available.[\/vc_column_text][vc_btn title=&#8221;Book a train ticket&#8221; style=&#8221;flat&#8221; shape=&#8221;round&#8221; color=&#8221;turquoiserives&#8221; align=&#8221;center&#8221; link=&#8221;url:http%3A%2F%2Fwww.oui.sncf||target:%20_blank|&#8221;][\/vc_column][vc_column width=&#8221;1\/2&#8243;][vc_column_text]There is also a bus line that can take you to Dijon from Losne, Saint-Jean-de-Losne, Saint-Usage, Brazey-en-Plaine on the line LR 111 and from Seurre, Pouilly-sur-Sa\u00f4ne, Glanon, Auvillars-sur-Sa\u00f4ne, Broin, Bonnencontre on the line 43-A. From Seurre, you can also get to Beaune.<br \/>\nBicycles are not accepted in the luggage compartments of buses.[\/vc_column_text][vc_btn title=&#8221;See the timetables&#8221; style=&#8221;flat&#8221; shape=&#8221;round&#8221; color=&#8221;turquoiserives&#8221; align=&#8221;center&#8221; link=&#8221;url:https%3A%2F%2Fwww.viamobigo.fr%2F||target:%20_blank|&#8221;][\/vc_column][\/vc_row][vc_row][vc_column][vc_single_image image=&#8221;5304&#8243; img_size=&#8221;1824 x 288&#8243;][\/vc_column][\/vc_row]<\/p>\n<\/div>","protected":false},"excerpt":{"rendered":"<p>[vc_row css=&#8221;.vc_custom_1593704849534{background-color: #0a9a9b !important;}&#8221; el_class=&#8221;chapeau&#8221;][vc_column][vc_column_text] DON\u2019T FORGET TO LOOK AROUND In this destination with so many transport options, cycling and sailing are both as accessible as one another, to switch from dry land to the water. Whether you are a seasoned cycling tourist or just enjoy the occasional ride, enjoy our safe routes (on flat [&hellip;]<\/p>\n","protected":false},"author":2,"featured_media":413,"parent":4397,"menu_order":430,"comment_status":"closed","ping_status":"closed","template":"","meta":{"_acf_changed":false,"footnotes":""},"class_list":["post-5298","page","type-page","status-publish","has-post-thumbnail","hentry"],"acf":[],"_links":{"self":[{"href":"https:\/\/www.saone-tourisme.fr\/en\/wp-json\/wp\/v2\/pages\/5298","targetHints":{"allow":["GET"]}}],"collection":[{"href":"https:\/\/www.saone-tourisme.fr\/en\/wp-json\/wp\/v2\/pages"}],"about":[{"href":"https:\/\/www.saone-tourisme.fr\/en\/wp-json\/wp\/v2\/types\/page"}],"author":[{"embeddable":true,"href":"https:\/\/www.saone-tourisme.fr\/en\/wp-json\/wp\/v2\/users\/2"}],"replies":[{"embeddable":true,"href":"https:\/\/www.saone-tourisme.fr\/en\/wp-json\/wp\/v2\/comments?post=5298"}],"version-history":[{"count":4,"href":"https:\/\/www.saone-tourisme.fr\/en\/wp-json\/wp\/v2\/pages\/5298\/revisions"}],"predecessor-version":[{"id":5299,"href":"https:\/\/www.saone-tourisme.fr\/en\/wp-json\/wp\/v2\/pages\/5298\/revisions\/5299"}],"up":[{"embeddable":true,"href":"https:\/\/www.saone-tourisme.fr\/en\/wp-json\/wp\/v2\/pages\/4397"}],"wp:featuredmedia":[{"embeddable":true,"href":"https:\/\/www.saone-tourisme.fr\/en\/wp-json\/wp\/v2\/media\/413"}],"wp:attachment":[{"href":"https:\/\/www.saone-tourisme.fr\/en\/wp-json\/wp\/v2\/media?parent=5298"}],"curies":[{"name":"wp","href":"https:\/\/api.w.org\/{rel}","templated":true}]}}